{"id":17907,"date":"2024-03-14T14:25:18","date_gmt":"2024-03-14T14:25:18","guid":{"rendered":"https:\/\/cbdoileurope.com\/?page_id=17907"},"modified":"2024-03-14T14:25:18","modified_gmt":"2024-03-14T14:25:18","slug":"cookies","status":"publish","type":"page","link":"https:\/\/cbdoileurope.com\/fr\/biscuits\/","title":{"rendered":"Cookies"},"content":{"rendered":"<div data-elementor-type=\"wp-page\" data-elementor-id=\"17907\" class=\"elementor elementor-17907\" data-elementor-post-type=\"page\">\n\t\t\t\t\t\t<section class=\"elementor-section elementor-top-section elementor-element elementor-element-5d1a1aca elementor-section-full_width elementor-section-height-default elementor-section-height-default\" data-id=\"5d1a1aca\" data-element_type=\"section\">\n\t\t\t\t\t\t<div class=\"elementor-container elementor-column-gap-default\">\n\t\t\t\t\t<div class=\"elementor-column elementor-col-100 elementor-top-column elementor-element elementor-element-64106129\" data-id=\"64106129\" data-element_type=\"column\">\n\t\t\t<div class=\"elementor-widget-wrap elementor-element-populated\">\n\t\t\t\t\t\t<section class=\"elementor-section elementor-inner-section elementor-element elementor-element-2eaa7a9e elementor-section-boxed elementor-section-height-default elementor-section-height-default\" data-id=\"2eaa7a9e\" data-element_type=\"section\">\n\t\t\t\t\t\t<div class=\"elementor-container elementor-column-gap-default\">\n\t\t\t\t\t<div class=\"elementor-column elementor-col-100 elementor-inner-column elementor-element elementor-element-4a72884b\" data-id=\"4a72884b\" data-element_type=\"column\">\n\t\t\t<div class=\"elementor-widget-wrap elementor-element-populated\">\n\t\t\t\t\t\t<div class=\"elementor-element elementor-element-5d1b0f54 elementor-widget elementor-widget-woocommerce-breadcrumb\" data-id=\"5d1b0f54\" data-element_type=\"widget\" data-widget_type=\"woocommerce-breadcrumb.default\">\n\t\t\t\t<div class=\"elementor-widget-container\">\n\t\t\t\t\t<nav class=\"woocommerce-breadcrumb\" data-no-translation=\"\" data-trp-gettext=\"\">Accueil<\/nav>\t\t\t\t<\/div>\n\t\t\t\t<\/div>\n\t\t\t\t\t<\/div>\n\t\t<\/div>\n\t\t\t\t\t<\/div>\n\t\t<\/section>\n\t\t\t\t\t<\/div>\n\t\t<\/div>\n\t\t\t\t\t<\/div>\n\t\t<\/section>\n\t\t\t\t<section class=\"elementor-section elementor-top-section elementor-element elementor-element-40011346 elementor-section-full_width elementor-section-height-default elementor-section-height-default\" data-id=\"40011346\" data-element_type=\"section\">\n\t\t\t\t\t\t<div class=\"elementor-container elementor-column-gap-default\">\n\t\t\t\t\t<div class=\"elementor-column elementor-col-100 elementor-top-column elementor-element elementor-element-2900d9d9\" data-id=\"2900d9d9\" data-element_type=\"column\">\n\t\t\t<div class=\"elementor-widget-wrap elementor-element-populated\">\n\t\t\t\t\t\t<section class=\"elementor-section elementor-inner-section elementor-element elementor-element-6af9114e elementor-section-boxed elementor-section-height-default elementor-section-height-default\" data-id=\"6af9114e\" data-element_type=\"section\">\n\t\t\t\t\t\t<div class=\"elementor-container elementor-column-gap-default\">\n\t\t\t\t\t<div class=\"elementor-column elementor-col-100 elementor-inner-column elementor-element elementor-element-574119b3\" data-id=\"574119b3\" data-element_type=\"column\">\n\t\t\t<div class=\"elementor-widget-wrap elementor-element-populated\">\n\t\t\t\t\t\t<div class=\"elementor-element elementor-element-057b72a elementor-widget elementor-widget-text-editor\" data-id=\"057b72a\" data-element_type=\"widget\" data-widget_type=\"text-editor.default\">\n\t\t\t\t<div class=\"elementor-widget-container\">\n\t\t\t\t\t\t\t\t\t<h3>Cookies<\/h3><p>Veuillez lire attentivement cette politique en mati\u00e8re de cookies avant d'utiliser notre site web.<\/p><p><strong>Qu'est-ce qu'un biscuit ?<\/strong><br \/><br \/>Les cookies sont de simples fichiers texte qui sont stock\u00e9s sur votre ordinateur ou votre appareil mobile par le serveur d'un site web. Chaque cookie est propre \u00e0 votre navigateur web. Il contient des informations anonymes telles qu'un identifiant unique, le nom de domaine du site web et quelques chiffres.<br \/><br \/><strong>Quels types de cookies utilisons-nous ?<\/strong><br \/><br \/><strong>Cookies n\u00e9cessaires<\/strong><br \/>Les cookies n\u00e9cessaires nous permettent de vous offrir la meilleure exp\u00e9rience possible lorsque vous acc\u00e9dez \u00e0 notre site web, que vous y naviguez et que vous utilisez ses fonctionnalit\u00e9s. Par exemple, ces cookies nous permettent de reconna\u00eetre que vous avez cr\u00e9\u00e9 un compte et que vous vous \u00eates connect\u00e9 \u00e0 ce compte.<br \/><br \/><strong>Cookies de fonctionnalit\u00e9<\/strong><br \/>Les cookies de fonctionnalit\u00e9 nous permettent de faire fonctionner le site en fonction des choix que vous faites. Par exemple, nous reconna\u00eetrons votre nom d'utilisateur et nous nous souviendrons de la mani\u00e8re dont vous avez personnalis\u00e9 le site lors de vos prochaines visites.<br \/><br \/><strong>Cookies analytiques<br \/><\/strong>Ces cookies nous permettent, ainsi qu'\u00e0 des services tiers, de collecter des donn\u00e9es agr\u00e9g\u00e9es \u00e0 des fins statistiques sur la mani\u00e8re dont nos visiteurs utilisent le site web. Ces cookies ne contiennent pas d'informations personnelles telles que les noms et les adresses \u00e9lectroniques et sont utilis\u00e9s pour nous aider \u00e0 am\u00e9liorer votre exp\u00e9rience en tant qu'utilisateur du site web.<br \/><br \/><strong>Comment supprimer les cookies ? <\/strong><\/p><p>Si vous souhaitez restreindre ou bloquer les cookies install\u00e9s par notre site web, vous pouvez le faire par le biais des param\u00e8tres de votre navigateur. Vous pouvez \u00e9galement consulter le site www.internetcookies.com, qui contient des informations compl\u00e8tes sur la mani\u00e8re de proc\u00e9der pour une grande vari\u00e9t\u00e9 de navigateurs et d'appareils. Vous y trouverez des informations g\u00e9n\u00e9rales sur les cookies et des d\u00e9tails sur la mani\u00e8re de supprimer les cookies de votre appareil.<br \/><br \/><strong>Nous contacter<br \/><\/strong>Si vous avez des questions concernant cette politique ou notre utilisation des cookies, veuillez nous contacter.<\/p>\t\t\t\t\t\t\t\t<\/div>\n\t\t\t\t<\/div>\n\t\t\t\t\t<\/div>\n\t\t<\/div>\n\t\t\t\t\t<\/div>\n\t\t<\/section>\n\t\t\t\t\t<\/div>\n\t\t<\/div>\n\t\t\t\t\t<\/div>\n\t\t<\/section>\n\t\t\t\t<\/div>","protected":false},"excerpt":{"rendered":"<p>Cookies Please read this cookie policy carefully before using our website. What are cookies? Cookies are simple text files that are stored on your computer or mobile device by a website\u2019s server. Each cookie is unique to your web browser. It will contain some anonymous information such as a unique identifier, website\u2019s domain name, and [&hellip;]<\/p>","protected":false},"author":1,"featured_media":0,"parent":0,"menu_order":0,"comment_status":"closed","ping_status":"closed","template":"","meta":{"_acf_changed":false,"content-type":"","footnotes":""},"class_list":["post-17907","page","type-page","status-publish","hentry"],"acf":[],"yoast_head":"<!-- This site is optimized with the Yoast SEO Premium plugin v23.2 (Yoast SEO v23.2) - https:\/\/yoast.com\/wordpress\/plugins\/seo\/ -->\n<title>Cookies - CBD Oil Europe<\/title>\n<meta name=\"description\" content=\"CBD Oil Europe specialises in white &amp; private label CBD. Wholesale CBD Oil, gummies, cosmetics, pet products, water soluble and distillate and isolate.\" \/>\n<meta name=\"robots\" content=\"index, follow, max-snippet:-1, max-image-preview:large, max-video-preview:-1\" \/>\n<link rel=\"canonical\" href=\"https:\/\/cbdoileurope.com\/fr\/biscuits\/\" \/>\n<meta property=\"og:locale\" content=\"fr_FR\" \/>\n<meta property=\"og:type\" content=\"article\" \/>\n<meta property=\"og:title\" content=\"Cookies\" \/>\n<meta property=\"og:description\" content=\"CBD Oil Europe specialises in white &amp; private label CBD. Wholesale CBD Oil, gummies, cosmetics, pet products, water soluble and distillate and isolate.\" \/>\n<meta property=\"og:url\" content=\"https:\/\/cbdoileurope.com\/fr\/biscuits\/\" \/>\n<meta property=\"og:site_name\" content=\"CBD Oil Europe\" \/>\n<meta property=\"og:image\" content=\"https:\/\/cbdoileurope.com\/wp-content\/uploads\/2022\/11\/CBDEU-Images-Home-01-1.webp\" \/>\n\t<meta property=\"og:image:width\" content=\"2560\" \/>\n\t<meta property=\"og:image:height\" content=\"1440\" \/>\n\t<meta property=\"og:image:type\" content=\"image\/webp\" \/>\n<meta name=\"twitter:card\" content=\"summary_large_image\" \/>\n<meta name=\"twitter:label1\" content=\"Dur\u00e9e de lecture estim\u00e9e\" \/>\n\t<meta name=\"twitter:data1\" content=\"1 minute\" \/>\n<script type=\"application\/ld+json\" class=\"yoast-schema-graph\">{\"@context\":\"https:\/\/schema.org\",\"@graph\":[{\"@type\":\"WebPage\",\"@id\":\"https:\/\/cbdoileurope.com\/cookies\/\",\"url\":\"https:\/\/cbdoileurope.com\/cookies\/\",\"name\":\"Cookies - CBD Oil Europe\",\"isPartOf\":{\"@id\":\"https:\/\/cbdoileurope.com\/#website\"},\"datePublished\":\"2024-03-14T14:25:18+00:00\",\"dateModified\":\"2024-03-14T14:25:18+00:00\",\"description\":\"CBD Oil Europe specialises in white & private label CBD. Wholesale CBD Oil, gummies, cosmetics, pet products, water soluble and distillate and isolate.\",\"breadcrumb\":{\"@id\":\"https:\/\/cbdoileurope.com\/cookies\/#breadcrumb\"},\"inLanguage\":\"fr-FR\",\"potentialAction\":[{\"@type\":\"ReadAction\",\"target\":[\"https:\/\/cbdoileurope.com\/cookies\/\"]}]},{\"@type\":\"BreadcrumbList\",\"@id\":\"https:\/\/cbdoileurope.com\/cookies\/#breadcrumb\",\"itemListElement\":[{\"@type\":\"ListItem\",\"position\":1,\"name\":\"Home\",\"item\":\"https:\/\/cbdoileurope.com\/\"},{\"@type\":\"ListItem\",\"position\":2,\"name\":\"Cookies\"}]},{\"@type\":\"WebSite\",\"@id\":\"https:\/\/cbdoileurope.com\/#website\",\"url\":\"https:\/\/cbdoileurope.com\/\",\"name\":\"CBD Oil Europe\",\"description\":\"Simplifying CBD\",\"publisher\":{\"@id\":\"https:\/\/cbdoileurope.com\/#organization\"},\"potentialAction\":[{\"@type\":\"SearchAction\",\"target\":{\"@type\":\"EntryPoint\",\"urlTemplate\":\"https:\/\/cbdoileurope.com\/?s={search_term_string}\"},\"query-input\":\"required name=search_term_string\"}],\"inLanguage\":\"fr-FR\"},{\"@type\":\"Organization\",\"@id\":\"https:\/\/cbdoileurope.com\/#organization\",\"name\":\"CBD Oil Europe\",\"url\":\"https:\/\/cbdoileurope.com\/\",\"logo\":{\"@type\":\"ImageObject\",\"inLanguage\":\"fr-FR\",\"@id\":\"https:\/\/cbdoileurope.com\/#\/schema\/logo\/image\/\",\"url\":\"https:\/\/cbdoileurope.com\/wp-content\/uploads\/2022\/11\/CBDEU-Logo-RGB-Horizontal-1.svg\",\"contentUrl\":\"https:\/\/cbdoileurope.com\/wp-content\/uploads\/2022\/11\/CBDEU-Logo-RGB-Horizontal-1.svg\",\"width\":432,\"height\":169,\"caption\":\"CBD Oil Europe\"},\"image\":{\"@id\":\"https:\/\/cbdoileurope.com\/#\/schema\/logo\/image\/\"},\"sameAs\":[\"https:\/\/www.linkedin.com\/company\/78547167\/\"],\"description\":\"CBD Oil Europe specialises in white label, private label and wholesale CBD products & services. Our product offering includes oil blends, gummies, capsules, cosmetics, pet products, water solubles and CBD extracts such as distillate and isolate. All of our research & development, packaging, label design and fulfilment services are done in-house by the members of our passionate and competent team. Founder and director Adriaan de Kroo started at the bottom of the non-existing CBD industry in 2013, helping other startups with sales and consultancy around this relatively new compound. He represented several of the biggest CBD producers and traders at more than 35 trade shows, from Sevilla to Moscow.\",\"email\":\"info@cbdoileurope.com\",\"telephone\":\"+31640690002\",\"legalName\":\"CBD Oil Europe\",\"foundingDate\":\"2013-06-02\"}]}<\/script>\n<!-- \/ Yoast SEO Premium plugin. -->","yoast_head_json":{"title":"Cookies - CBD Oil Europe","description":"CBD Oil Europe specialises in white & private label CBD. Wholesale CBD Oil, gummies, cosmetics, pet products, water soluble and distillate and isolate.","robots":{"index":"index","follow":"follow","max-snippet":"max-snippet:-1","max-image-preview":"max-image-preview:large","max-video-preview":"max-video-preview:-1"},"canonical":"https:\/\/cbdoileurope.com\/fr\/biscuits\/","og_locale":"fr_FR","og_type":"article","og_title":"Cookies","og_description":"CBD Oil Europe specialises in white & private label CBD. Wholesale CBD Oil, gummies, cosmetics, pet products, water soluble and distillate and isolate.","og_url":"https:\/\/cbdoileurope.com\/fr\/biscuits\/","og_site_name":"CBD Oil Europe","og_image":[{"width":2560,"height":1440,"url":"https:\/\/cbdoileurope.com\/wp-content\/uploads\/2022\/11\/CBDEU-Images-Home-01-1.webp","type":"image\/webp"}],"twitter_card":"summary_large_image","twitter_misc":{"Dur\u00e9e de lecture estim\u00e9e":"1 minute"},"schema":{"@context":"https:\/\/schema.org","@graph":[{"@type":"WebPage","@id":"https:\/\/cbdoileurope.com\/cookies\/","url":"https:\/\/cbdoileurope.com\/cookies\/","name":"Cookies - CBD Oil Europe","isPartOf":{"@id":"https:\/\/cbdoileurope.com\/#website"},"datePublished":"2024-03-14T14:25:18+00:00","dateModified":"2024-03-14T14:25:18+00:00","description":"CBD Oil Europe specialises in white & private label CBD. Wholesale CBD Oil, gummies, cosmetics, pet products, water soluble and distillate and isolate.","breadcrumb":{"@id":"https:\/\/cbdoileurope.com\/cookies\/#breadcrumb"},"inLanguage":"fr-FR","potentialAction":[{"@type":"ReadAction","target":["https:\/\/cbdoileurope.com\/cookies\/"]}]},{"@type":"BreadcrumbList","@id":"https:\/\/cbdoileurope.com\/cookies\/#breadcrumb","itemListElement":[{"@type":"ListItem","position":1,"name":"Home","item":"https:\/\/cbdoileurope.com\/"},{"@type":"ListItem","position":2,"name":"Cookies"}]},{"@type":"WebSite","@id":"https:\/\/cbdoileurope.com\/#website","url":"https:\/\/cbdoileurope.com\/","name":"CBD Oil Europe","description":"Simplifying CBD","publisher":{"@id":"https:\/\/cbdoileurope.com\/#organization"},"potentialAction":[{"@type":"SearchAction","target":{"@type":"EntryPoint","urlTemplate":"https:\/\/cbdoileurope.com\/?s={search_term_string}"},"query-input":"required name=search_term_string"}],"inLanguage":"fr-FR"},{"@type":"Organization","@id":"https:\/\/cbdoileurope.com\/#organization","name":"CBD Oil Europe","url":"https:\/\/cbdoileurope.com\/","logo":{"@type":"ImageObject","inLanguage":"fr-FR","@id":"https:\/\/cbdoileurope.com\/#\/schema\/logo\/image\/","url":"https:\/\/cbdoileurope.com\/wp-content\/uploads\/2022\/11\/CBDEU-Logo-RGB-Horizontal-1.svg","contentUrl":"https:\/\/cbdoileurope.com\/wp-content\/uploads\/2022\/11\/CBDEU-Logo-RGB-Horizontal-1.svg","width":432,"height":169,"caption":"CBD Oil Europe"},"image":{"@id":"https:\/\/cbdoileurope.com\/#\/schema\/logo\/image\/"},"sameAs":["https:\/\/www.linkedin.com\/company\/78547167\/"],"description":"CBD Oil Europe specialises in white label, private label and wholesale CBD products & services. Our product offering includes oil blends, gummies, capsules, cosmetics, pet products, water solubles and CBD extracts such as distillate and isolate. All of our research & development, packaging, label design and fulfilment services are done in-house by the members of our passionate and competent team. Founder and director Adriaan de Kroo started at the bottom of the non-existing CBD industry in 2013, helping other startups with sales and consultancy around this relatively new compound. He represented several of the biggest CBD producers and traders at more than 35 trade shows, from Sevilla to Moscow.","email":"info@cbdoileurope.com","telephone":"+31640690002","legalName":"CBD Oil Europe","foundingDate":"2013-06-02"}]}},"_links":{"self":[{"href":"https:\/\/cbdoileurope.com\/fr\/wp-json\/wp\/v2\/pages\/17907","targetHints":{"allow":["GET"]}}],"collection":[{"href":"https:\/\/cbdoileurope.com\/fr\/wp-json\/wp\/v2\/pages"}],"about":[{"href":"https:\/\/cbdoileurope.com\/fr\/wp-json\/wp\/v2\/types\/page"}],"author":[{"embeddable":true,"href":"https:\/\/cbdoileurope.com\/fr\/wp-json\/wp\/v2\/users\/1"}],"replies":[{"embeddable":true,"href":"https:\/\/cbdoileurope.com\/fr\/wp-json\/wp\/v2\/comments?post=17907"}],"version-history":[{"count":5,"href":"https:\/\/cbdoileurope.com\/fr\/wp-json\/wp\/v2\/pages\/17907\/revisions"}],"predecessor-version":[{"id":17912,"href":"https:\/\/cbdoileurope.com\/fr\/wp-json\/wp\/v2\/pages\/17907\/revisions\/17912"}],"wp:attachment":[{"href":"https:\/\/cbdoileurope.com\/fr\/wp-json\/wp\/v2\/media?parent=17907"}],"curies":[{"name":"wp","href":"https:\/\/api.w.org\/{rel}","templated":true}]}}