{"id":7667,"date":"2024-03-14T14:25:25","date_gmt":"2024-03-14T14:25:25","guid":{"rendered":"https:\/\/cbdoileurope.com\/?page_id=7667"},"modified":"2025-07-23T07:10:55","modified_gmt":"2025-07-23T07:10:55","slug":"privacy-policy","status":"publish","type":"page","link":"https:\/\/cbdoileurope.com\/es\/politica-de-privacidad\/","title":{"rendered":"Pol\u00edtica de privacidad"},"content":{"rendered":"<div data-elementor-type=\"wp-page\" data-elementor-id=\"7667\" class=\"elementor elementor-7667\" data-elementor-post-type=\"page\">\n\t\t\t\t\t\t<section class=\"elementor-section elementor-top-section elementor-element elementor-element-5d1a1aca elementor-section-full_width elementor-section-height-default elementor-section-height-default\" data-id=\"5d1a1aca\" data-element_type=\"section\">\n\t\t\t\t\t\t<div class=\"elementor-container elementor-column-gap-default\">\n\t\t\t\t\t<div class=\"elementor-column elementor-col-100 elementor-top-column elementor-element elementor-element-64106129\" data-id=\"64106129\" data-element_type=\"column\">\n\t\t\t<div class=\"elementor-widget-wrap elementor-element-populated\">\n\t\t\t\t\t\t<section class=\"elementor-section elementor-inner-section elementor-element elementor-element-2eaa7a9e elementor-section-boxed elementor-section-height-default elementor-section-height-default\" data-id=\"2eaa7a9e\" data-element_type=\"section\">\n\t\t\t\t\t\t<div class=\"elementor-container elementor-column-gap-default\">\n\t\t\t\t\t<div class=\"elementor-column elementor-col-100 elementor-inner-column elementor-element elementor-element-4a72884b\" data-id=\"4a72884b\" data-element_type=\"column\">\n\t\t\t<div class=\"elementor-widget-wrap elementor-element-populated\">\n\t\t\t\t\t\t<div class=\"elementor-element elementor-element-5d1b0f54 elementor-widget elementor-widget-woocommerce-breadcrumb\" data-id=\"5d1b0f54\" data-element_type=\"widget\" data-widget_type=\"woocommerce-breadcrumb.default\">\n\t\t\t\t<div class=\"elementor-widget-container\">\n\t\t\t\t\t<nav class=\"woocommerce-breadcrumb\" data-no-translation=\"\" data-trp-gettext=\"\">Inicio<\/nav>\t\t\t\t<\/div>\n\t\t\t\t<\/div>\n\t\t\t\t\t<\/div>\n\t\t<\/div>\n\t\t\t\t\t<\/div>\n\t\t<\/section>\n\t\t\t\t\t<\/div>\n\t\t<\/div>\n\t\t\t\t\t<\/div>\n\t\t<\/section>\n\t\t\t\t<section class=\"elementor-section elementor-top-section elementor-element elementor-element-40011346 elementor-section-full_width elementor-section-height-default elementor-section-height-default\" data-id=\"40011346\" data-element_type=\"section\">\n\t\t\t\t\t\t<div class=\"elementor-container elementor-column-gap-default\">\n\t\t\t\t\t<div class=\"elementor-column elementor-col-100 elementor-top-column elementor-element elementor-element-2900d9d9\" data-id=\"2900d9d9\" data-element_type=\"column\">\n\t\t\t<div class=\"elementor-widget-wrap elementor-element-populated\">\n\t\t\t\t\t\t<section class=\"elementor-section elementor-inner-section elementor-element elementor-element-6af9114e elementor-section-boxed elementor-section-height-default elementor-section-height-default\" data-id=\"6af9114e\" data-element_type=\"section\">\n\t\t\t\t\t\t<div class=\"elementor-container elementor-column-gap-default\">\n\t\t\t\t\t<div class=\"elementor-column elementor-col-100 elementor-inner-column elementor-element elementor-element-574119b3\" data-id=\"574119b3\" data-element_type=\"column\">\n\t\t\t<div class=\"elementor-widget-wrap elementor-element-populated\">\n\t\t\t\t\t\t<div class=\"elementor-element elementor-element-057b72a elementor-widget elementor-widget-text-editor\" data-id=\"057b72a\" data-element_type=\"widget\" data-widget_type=\"text-editor.default\">\n\t\t\t\t<div class=\"elementor-widget-container\">\n\t\t\t\t\t\t\t\t\t<h1>Pol\u00edtica de privacidad<\/h1>\nPol\u00edtica de privacidad: Actualizada el 02 de agosto de 2023\n<h3>VERSI\u00d3N ABREVIADA<\/h3>\nWe collect your information only with your consent; we only collect the minimum amount of personal information that is necessary to fulfill the purpose of your interaction with us; we don\u2019t sell it to third parties; and we only use it as this Privacy Statement describes.\n\nOf course, the short version doesn\u2019t tell you everything, so please read on for more details!\n<h3>SECCI\u00d3N 1 - \u00bfQU\u00c9 HACEMOS CON SUS DATOS?<\/h3>\nWhen you purchase something from our store, as part of the buying and selling process, we collect the personal information you give us such as your name, address and email address.\n\nWhen you browse our store, we also automatically receive your computer\u2019s internet protocol (IP) address in order to provide us with information that helps us learn about your browser and operating system.\n\nEmail marketing: With your permission, we may send you emails about our store, new products and other updates.\n<h3>SECCI\u00d3N 2 - CONSENTIMIENTO<\/h3>\n<strong>\u00bfC\u00f3mo obtienen mi consentimiento?<\/strong>\n\nWhen you provide us with personal information to complete a transaction, verify your credit card, place an order, arrange for a delivery or return a purchase, we imply that you consent to our collecting it and using it for that specific reason only.\n\nIf we ask for your personal information for a secondary reason, like marketing, we will either ask you directly for your expressed consent, or provide you with an opportunity to say no.\n\n<strong>Control de su informaci\u00f3n personal.<\/strong>\n\nYou may choose to restrict the collection or use of your personal information in the following ways:\n\nWhenever you are asked to fill in a form on the website, look for the box that you can click to indicate that you do not want the information to be used by anybody for direct marketing purposes.\n\nIf you have previously agreed to us using your personal information for direct marketing purposes, you may change your mind at any time by emailing us at info@cbdoileurope.com\n\n<strong>Conservaci\u00f3n y supresi\u00f3n de datos personales<\/strong>\n\nOur data retention policies and procedures are designed to help ensure that we comply with our legal obligations in relation to the retention and deletion of personal data.\n\nPersonal data that we process for any purpose or purposes shall not be kept for longer than is necessary for that purpose or those purposes.\n\nWe will retain your personal data as follows:\n\nPersonal data will be retained for a maximum period of 2 years\n\nIn some cases it is not possible for us to specify in advance the periods for which your personal data will be retained. In such cases, we will determine the period of retention based on the following criteria:\n\nIf you are an existing customer we will retain your data for longer than 2 years so we can continue to contact you in the future.\n\n<strong>\u00bfC\u00f3mo puedo retirar mi consentimiento?<\/strong>\n\nSi despu\u00e9s de registrarse, cambia de opini\u00f3n, puede retirar su consentimiento para que nos pongamos en contacto con usted, para que sigamos recopilando, utilizando o divulgando su informaci\u00f3n, en cualquier momento, poni\u00e9ndose en contacto con nuestro equipo de asistencia en info@cbdoileurope.com.\n<h3>SECCI\u00d3N 3 - DIVULGACI\u00d3N<\/h3>\nWe do not sell, trade, or otherwise transfer to outside parties your personally identifiable information.\nWe may disclose your personal information if we are required by law to do so or if you violate our Terms of Service.\n<h3>SECCI\u00d3N 4 - PAGO<\/h3>\nSi elige una pasarela de pago directo para completar su compra, el comerciante almacena los datos de su tarjeta de cr\u00e9dito. Estos datos se encriptan conforme a la norma de seguridad de datos del sector de las tarjetas de pago (PCI-DSS). Los datos de su transacci\u00f3n de compra s\u00f3lo se almacenan el tiempo necesario para completar su transacci\u00f3n de compra. Todas las pasarelas de pago directo se adhieren a las normas establecidas por la PCI-DSS, gestionadas por el PCI Security Standards Council, que es un esfuerzo conjunto de marcas como Visa, MasterCard, American Express y Discover. Los requisitos de la PCI-DSS ayudan a garantizar el manejo seguro de la informaci\u00f3n de las tarjetas de cr\u00e9dito por parte de nuestra tienda y sus proveedores de servicios.\n<h3>SECCI\u00d3N 5 - SERVICIOS DE TERCEROS<\/h3>\nIn general, the third-party providers used by us will only collect, use and disclose your information to the extent necessary to allow them to perform the services they provide to us.\n\nHowever, certain third-party service providers, such as payment gateways and other payment transaction processors, have their own privacy policies in respect to the information we are required to provide to them for your purchase-related transactions.\n\nFor these providers, we recommend that you read their privacy policies so you can understand the manner in which your personal information will be handled by these providers.\n\nIn particular, remember that certain providers may be located in or have facilities that are located in a different jurisdiction than either you or us. So if you elect to proceed with a transaction that involves the services of a third-party service provider, then your information may become subject to the laws of the jurisdiction(s) in which that service provider or its facilities are located.\n\nAs an example, if you are located in Europe and your transaction is processed by a payment gateway located in the United States, then your personal information used in completing that transaction may be subject to disclosure under United States legislation, including the Patriot Act.\n\nOnce you leave our store\u2019s website or are redirected to a third-party website or application, you are no longer governed by this Privacy Policy or our website\u2019s Terms of Service.\n\n<strong>ENLACES<\/strong>\n\nCuando haga clic en los enlaces de nuestro sitio web, es posible que le dirijan fuera de \u00e9l. No somos responsables de las pr\u00e1cticas de privacidad de otros sitios y le recomendamos que lea sus declaraciones de privacidad.\n<h3>SECCI\u00d3N 6 - SEGURIDAD<\/h3>\nPara proteger su informaci\u00f3n personal, tomamos precauciones razonables y seguimos las mejores pr\u00e1cticas del sector para asegurarnos de que no se pierda, se utilice indebidamente, se acceda a ella, se divulgue, se altere o se destruya de forma inadecuada. Aunque ning\u00fan m\u00e9todo de transmisi\u00f3n a trav\u00e9s de Internet o de almacenamiento electr\u00f3nico es 100% seguro, cumplimos todos los requisitos PCI-DSS y aplicamos otras normas del sector generalmente aceptadas.\n<h3>COOKIES<\/h3>\nCookies are small files that a site or its service provider transfers to your computer\u2019s hard drive through your Web browser (if you allow) that enables the site\u2019s or service provider\u2019s systems to recognize your browser and capture and remember certain information.\n\nFor instance, we use cookies to help us remember and process the items in your shopping cart. They are also used to help us understand your preferences based on previous or current site activity, which enables us to provide you with improved services. We also use cookies to help us compile aggregate data about site traffic and site interaction so that we can offer better site experiences and tools in the future.\n\nYou can choose to have your computer warn you each time a cookie is being sent, or you can choose to turn off all cookies. You do this through your browser (like Internet Explorer) settings. Each browser is a little different, so look at your browser\u2019s Help menu to learn the correct way to modify your cookies.\n\nIf you disable cookies off, some features will be disabled It won\u2019t affect the user\u2019s experience that make your site experience more efficient and some of our services will not function properly.However, you can still place orders.\n\nWe agree to the following: users can visit our site anonymously.\n<h3>PR\u00c1CTICAS LEALES EN MATERIA DE INFORMACI\u00d3N Y GDPR<\/h3>\nThe Fair Information Practices Principles form the backbone of privacy law in the United States and the concepts they include have played a significant role in the development of data protection laws around the globe. Understanding the Fair Information Practice Principles and how they should be implemented is critical to comply with the various privacy laws that protect personal information.\n\nThe General Data Protection Regulation (GDPR) (EU) 2016\/679 is a regulation in EU law on data protection and privacy for all individuals within the European Union (EU) and the European Economic Area (EEA). It also addresses the export of personal data outside the EU and EEA. The GDPR aims primarily to give control to citizens and residents over their personal data and to simplify the regulatory environment for international business by unifying the regulation within the EU\n\nIn order to be in line with Fair Information Practices and GDPR we will take the following responsive action should a data breach occur:\n\n\u2022 We will notify you via email within 7 business days.\n\nWe also agree to the Individual Redress Principle which requires that individuals have the right to legally pursue enforceable rights against data collectors and processors who fail to adhere to the law. This principle requires not only that individuals have enforceable rights against data users, but also that individuals have recourse to courts or government agencies to investigate and\/or prosecute non-compliance by data processors.\n\n<strong>LEY CONTRA EL SPAM<\/strong>\nThe CAN-SPAM Act is a law that sets the rules for commercial email, establishes requirements for commercial messages, gives recipients the right to have emails stopped from being sent to them, and spells out tough penalties for violations.We collect your email address in order to:\n\n\u2022 Process orders and to send information and updates pertaining to orders.\n\u2022 We may also send you additional information related to your product and\/or service.\n\nTo be in accordance with CAN-SPAM, we agree to the following:\n\n\u2022 Not use false or misleading subjects or email addresses.\n\u2022 Identify the message as an advertisement in some reasonable way.\n\u2022 Include the physical address of our business or site headquarters.\n\u2022 Monitor third-party email marketing services for compliance, if one is used.\n\u2022 Honor opt-out\/unsubscribe requests quickly.\n\u2022 Allow users to unsubscribe by using the link at the bottom of each email.\n\nIf at any time you would like to unsubscribe from receiving future emails, you can follow the instructions at the bottom of each email and we will promptly remove you from ALL correspondence.\n<h3>SECCI\u00d3N 7 - EDAD DE CONSENTIMIENTO<\/h3>\nAl utilizar este sitio, usted declara que es mayor de edad en su estado o provincia de residencia, o que es mayor de edad en su estado o provincia de residencia y nos ha dado su consentimiento para permitir que cualquiera de sus dependientes menores de edad utilice este sitio.\n<h3>SECCI\u00d3N 8 - CAMBIOS EN ESTA POL\u00cdTICA DE PRIVACIDAD<\/h3>\nWe reserve the right to modify this privacy policy at any time, so please review it frequently. Changes and clarifications will take effect immediately upon their posting on the website. If we make material changes to this policy, we will notify you here that it has been updated, so that you are aware of what information we collect, how we use it, and under what circumstances, if any, we use and\/or disclose it.\n\nIf our store is acquired or merged with another company, your information may be transferred to the new owners so that we may continue to sell products to you.\n<h3>PREGUNTAS E INFORMACI\u00d3N DE CONTACTO<\/h3>\n<strong>INFORMACI\u00d3N DE LA EMPRESA<\/strong>\n\nAddress:\nCBD Consultancy Group B.V.\nCBD Oil Europe,\nVoltaweg 13D,\n4382 NG Vlissingen,\nthe Netherlands\n\nPhone: +31640690002\nEmail: info@cbdoileurope.com\n\nIf you would like to: access, correct, amend or delete any personal information we have about you, register a complaint, or simply want more information <a href=\"https:\/\/cbdoileurope.com\/es\/pongase-en-contacto-con\/\"><span style=\"text-decoration: underline;\">Contacto<\/span><\/a>. This site was developed by <a href=\"https:\/\/www.datadream.nl\" target=\"_blank\">DataDream<\/a>.\t\t\t\t\t\t\t\t<\/div>\n\t\t\t\t<\/div>\n\t\t\t\t\t<\/div>\n\t\t<\/div>\n\t\t\t\t\t<\/div>\n\t\t<\/section>\n\t\t\t\t\t<\/div>\n\t\t<\/div>\n\t\t\t\t\t<\/div>\n\t\t<\/section>\n\t\t\t\t<\/div>","protected":false},"excerpt":{"rendered":"<p>Pol\u00edtica de privacidad Pol\u00edtica de privacidad: Updated 02nd August 2023 VERSI\u00d3N CORTA Recopilamos su informaci\u00f3n s\u00f3lo con su consentimiento; s\u00f3lo recopilamos la cantidad m\u00ednima de informaci\u00f3n personal que es necesaria para cumplir con el prop\u00f3sito de su interacci\u00f3n con nosotros; no la vendemos a terceros; y s\u00f3lo la utilizamos seg\u00fan esta Declaraci\u00f3n de Privacidad [...].<\/p>","protected":false},"author":1,"featured_media":0,"parent":0,"menu_order":0,"comment_status":"closed","ping_status":"closed","template":"","meta":{"_acf_changed":false,"content-type":"","footnotes":""},"class_list":["post-7667","page","type-page","status-publish","hentry"],"acf":[],"yoast_head":"<!-- This site is optimized with the Yoast SEO Premium plugin v23.2 (Yoast SEO v23.2) - https:\/\/yoast.com\/wordpress\/plugins\/seo\/ -->\n<title>Privacy Policy - CBD Oil Europe<\/title>\n<meta name=\"description\" content=\"CBD Oil Europe specialises in white &amp; private label CBD. Wholesale CBD Oil, gummies, cosmetics, pet products, water soluble and distillate and isolate.\" \/>\n<meta name=\"robots\" content=\"index, follow, max-snippet:-1, max-image-preview:large, max-video-preview:-1\" \/>\n<link rel=\"canonical\" href=\"https:\/\/cbdoileurope.com\/es\/politica-de-privacidad\/\" \/>\n<meta property=\"og:locale\" content=\"es_ES\" \/>\n<meta property=\"og:type\" content=\"article\" \/>\n<meta property=\"og:title\" content=\"Privacy Policy\" \/>\n<meta property=\"og:description\" content=\"CBD Oil Europe specialises in white &amp; private label CBD. Wholesale CBD Oil, gummies, cosmetics, pet products, water soluble and distillate and isolate.\" \/>\n<meta property=\"og:url\" content=\"https:\/\/cbdoileurope.com\/es\/politica-de-privacidad\/\" \/>\n<meta property=\"og:site_name\" content=\"CBD Oil Europe\" \/>\n<meta property=\"article:modified_time\" content=\"2025-07-23T07:10:55+00:00\" \/>\n<meta property=\"og:image\" content=\"https:\/\/cbdoileurope.com\/wp-content\/uploads\/2022\/11\/CBDEU-Images-Home-01-1.webp\" \/>\n\t<meta property=\"og:image:width\" content=\"2560\" \/>\n\t<meta property=\"og:image:height\" content=\"1440\" \/>\n\t<meta property=\"og:image:type\" content=\"image\/webp\" \/>\n<meta name=\"twitter:card\" content=\"summary_large_image\" \/>\n<meta name=\"twitter:label1\" content=\"Tiempo de lectura\" \/>\n\t<meta name=\"twitter:data1\" content=\"9 minutos\" \/>\n<script type=\"application\/ld+json\" class=\"yoast-schema-graph\">{\"@context\":\"https:\/\/schema.org\",\"@graph\":[{\"@type\":\"WebPage\",\"@id\":\"https:\/\/cbdoileurope.com\/privacy-policy\/\",\"url\":\"https:\/\/cbdoileurope.com\/privacy-policy\/\",\"name\":\"Privacy Policy - CBD Oil Europe\",\"isPartOf\":{\"@id\":\"https:\/\/cbdoileurope.com\/#website\"},\"datePublished\":\"2024-03-14T14:25:25+00:00\",\"dateModified\":\"2025-07-23T07:10:55+00:00\",\"description\":\"CBD Oil Europe specialises in white & private label CBD. Wholesale CBD Oil, gummies, cosmetics, pet products, water soluble and distillate and isolate.\",\"breadcrumb\":{\"@id\":\"https:\/\/cbdoileurope.com\/privacy-policy\/#breadcrumb\"},\"inLanguage\":\"es\",\"potentialAction\":[{\"@type\":\"ReadAction\",\"target\":[\"https:\/\/cbdoileurope.com\/privacy-policy\/\"]}]},{\"@type\":\"BreadcrumbList\",\"@id\":\"https:\/\/cbdoileurope.com\/privacy-policy\/#breadcrumb\",\"itemListElement\":[{\"@type\":\"ListItem\",\"position\":1,\"name\":\"Home\",\"item\":\"https:\/\/cbdoileurope.com\/\"},{\"@type\":\"ListItem\",\"position\":2,\"name\":\"Privacy Policy\"}]},{\"@type\":\"WebSite\",\"@id\":\"https:\/\/cbdoileurope.com\/#website\",\"url\":\"https:\/\/cbdoileurope.com\/\",\"name\":\"CBD Oil Europe\",\"description\":\"Simplifying CBD\",\"publisher\":{\"@id\":\"https:\/\/cbdoileurope.com\/#organization\"},\"potentialAction\":[{\"@type\":\"SearchAction\",\"target\":{\"@type\":\"EntryPoint\",\"urlTemplate\":\"https:\/\/cbdoileurope.com\/?s={search_term_string}\"},\"query-input\":\"required name=search_term_string\"}],\"inLanguage\":\"es\"},{\"@type\":\"Organization\",\"@id\":\"https:\/\/cbdoileurope.com\/#organization\",\"name\":\"CBD Oil Europe\",\"url\":\"https:\/\/cbdoileurope.com\/\",\"logo\":{\"@type\":\"ImageObject\",\"inLanguage\":\"es\",\"@id\":\"https:\/\/cbdoileurope.com\/#\/schema\/logo\/image\/\",\"url\":\"https:\/\/cbdoileurope.com\/wp-content\/uploads\/2022\/11\/CBDEU-Logo-RGB-Horizontal-1.svg\",\"contentUrl\":\"https:\/\/cbdoileurope.com\/wp-content\/uploads\/2022\/11\/CBDEU-Logo-RGB-Horizontal-1.svg\",\"width\":432,\"height\":169,\"caption\":\"CBD Oil Europe\"},\"image\":{\"@id\":\"https:\/\/cbdoileurope.com\/#\/schema\/logo\/image\/\"},\"sameAs\":[\"https:\/\/www.linkedin.com\/company\/78547167\/\"],\"description\":\"CBD Oil Europe specialises in white label, private label and wholesale CBD products & services. Our product offering includes oil blends, gummies, capsules, cosmetics, pet products, water solubles and CBD extracts such as distillate and isolate. All of our research & development, packaging, label design and fulfilment services are done in-house by the members of our passionate and competent team. Founder and director Adriaan de Kroo started at the bottom of the non-existing CBD industry in 2013, helping other startups with sales and consultancy around this relatively new compound. He represented several of the biggest CBD producers and traders at more than 35 trade shows, from Sevilla to Moscow.\",\"email\":\"info@cbdoileurope.com\",\"telephone\":\"+31640690002\",\"legalName\":\"CBD Oil Europe\",\"foundingDate\":\"2013-06-02\"}]}<\/script>\n<!-- \/ Yoast SEO Premium plugin. -->","yoast_head_json":{"title":"Privacy Policy - CBD Oil Europe","description":"CBD Oil Europe specialises in white & private label CBD. Wholesale CBD Oil, gummies, cosmetics, pet products, water soluble and distillate and isolate.","robots":{"index":"index","follow":"follow","max-snippet":"max-snippet:-1","max-image-preview":"max-image-preview:large","max-video-preview":"max-video-preview:-1"},"canonical":"https:\/\/cbdoileurope.com\/es\/politica-de-privacidad\/","og_locale":"es_ES","og_type":"article","og_title":"Privacy Policy","og_description":"CBD Oil Europe specialises in white & private label CBD. Wholesale CBD Oil, gummies, cosmetics, pet products, water soluble and distillate and isolate.","og_url":"https:\/\/cbdoileurope.com\/es\/politica-de-privacidad\/","og_site_name":"CBD Oil Europe","article_modified_time":"2025-07-23T07:10:55+00:00","og_image":[{"width":2560,"height":1440,"url":"https:\/\/cbdoileurope.com\/wp-content\/uploads\/2022\/11\/CBDEU-Images-Home-01-1.webp","type":"image\/webp"}],"twitter_card":"summary_large_image","twitter_misc":{"Tiempo de lectura":"9 minutos"},"schema":{"@context":"https:\/\/schema.org","@graph":[{"@type":"WebPage","@id":"https:\/\/cbdoileurope.com\/privacy-policy\/","url":"https:\/\/cbdoileurope.com\/privacy-policy\/","name":"Privacy Policy - CBD Oil Europe","isPartOf":{"@id":"https:\/\/cbdoileurope.com\/#website"},"datePublished":"2024-03-14T14:25:25+00:00","dateModified":"2025-07-23T07:10:55+00:00","description":"CBD Oil Europe specialises in white & private label CBD. Wholesale CBD Oil, gummies, cosmetics, pet products, water soluble and distillate and isolate.","breadcrumb":{"@id":"https:\/\/cbdoileurope.com\/privacy-policy\/#breadcrumb"},"inLanguage":"es","potentialAction":[{"@type":"ReadAction","target":["https:\/\/cbdoileurope.com\/privacy-policy\/"]}]},{"@type":"BreadcrumbList","@id":"https:\/\/cbdoileurope.com\/privacy-policy\/#breadcrumb","itemListElement":[{"@type":"ListItem","position":1,"name":"Home","item":"https:\/\/cbdoileurope.com\/"},{"@type":"ListItem","position":2,"name":"Privacy Policy"}]},{"@type":"WebSite","@id":"https:\/\/cbdoileurope.com\/#website","url":"https:\/\/cbdoileurope.com\/","name":"CBD Oil Europe","description":"Simplifying CBD","publisher":{"@id":"https:\/\/cbdoileurope.com\/#organization"},"potentialAction":[{"@type":"SearchAction","target":{"@type":"EntryPoint","urlTemplate":"https:\/\/cbdoileurope.com\/?s={search_term_string}"},"query-input":"required name=search_term_string"}],"inLanguage":"es"},{"@type":"Organization","@id":"https:\/\/cbdoileurope.com\/#organization","name":"CBD Oil Europe","url":"https:\/\/cbdoileurope.com\/","logo":{"@type":"ImageObject","inLanguage":"es","@id":"https:\/\/cbdoileurope.com\/#\/schema\/logo\/image\/","url":"https:\/\/cbdoileurope.com\/wp-content\/uploads\/2022\/11\/CBDEU-Logo-RGB-Horizontal-1.svg","contentUrl":"https:\/\/cbdoileurope.com\/wp-content\/uploads\/2022\/11\/CBDEU-Logo-RGB-Horizontal-1.svg","width":432,"height":169,"caption":"CBD Oil Europe"},"image":{"@id":"https:\/\/cbdoileurope.com\/#\/schema\/logo\/image\/"},"sameAs":["https:\/\/www.linkedin.com\/company\/78547167\/"],"description":"CBD Oil Europe specialises in white label, private label and wholesale CBD products & services. Our product offering includes oil blends, gummies, capsules, cosmetics, pet products, water solubles and CBD extracts such as distillate and isolate. All of our research & development, packaging, label design and fulfilment services are done in-house by the members of our passionate and competent team. Founder and director Adriaan de Kroo started at the bottom of the non-existing CBD industry in 2013, helping other startups with sales and consultancy around this relatively new compound. He represented several of the biggest CBD producers and traders at more than 35 trade shows, from Sevilla to Moscow.","email":"info@cbdoileurope.com","telephone":"+31640690002","legalName":"CBD Oil Europe","foundingDate":"2013-06-02"}]}},"_links":{"self":[{"href":"https:\/\/cbdoileurope.com\/es\/wp-json\/wp\/v2\/pages\/7667","targetHints":{"allow":["GET"]}}],"collection":[{"href":"https:\/\/cbdoileurope.com\/es\/wp-json\/wp\/v2\/pages"}],"about":[{"href":"https:\/\/cbdoileurope.com\/es\/wp-json\/wp\/v2\/types\/page"}],"author":[{"embeddable":true,"href":"https:\/\/cbdoileurope.com\/es\/wp-json\/wp\/v2\/users\/1"}],"replies":[{"embeddable":true,"href":"https:\/\/cbdoileurope.com\/es\/wp-json\/wp\/v2\/comments?post=7667"}],"version-history":[{"count":18,"href":"https:\/\/cbdoileurope.com\/es\/wp-json\/wp\/v2\/pages\/7667\/revisions"}],"predecessor-version":[{"id":19134,"href":"https:\/\/cbdoileurope.com\/es\/wp-json\/wp\/v2\/pages\/7667\/revisions\/19134"}],"wp:attachment":[{"href":"https:\/\/cbdoileurope.com\/es\/wp-json\/wp\/v2\/media?parent=7667"}],"curies":[{"name":"wp","href":"https:\/\/api.w.org\/{rel}","templated":true}]}}