{"id":5562,"date":"2024-03-14T14:25:09","date_gmt":"2024-03-14T14:25:09","guid":{"rendered":"https:\/\/cbdoileurope.com\/?page_id=5562"},"modified":"2024-04-12T14:12:46","modified_gmt":"2024-04-12T14:12:46","slug":"sample","status":"publish","type":"page","link":"https:\/\/cbdoileurope.com\/es\/productos-cbd\/muestra\/","title":{"rendered":"Muestra"},"content":{"rendered":"<div data-elementor-type=\"wp-page\" data-elementor-id=\"5562\" class=\"elementor elementor-5562\" data-elementor-post-type=\"page\">\n\t\t\t\t\t\t<section class=\"elementor-section elementor-top-section elementor-element elementor-element-4fd1bd59 elementor-section-full_width elementor-section-height-default elementor-section-height-default\" data-id=\"4fd1bd59\" data-element_type=\"section\" data-settings=\"{&quot;background_background&quot;:&quot;classic&quot;,&quot;shape_divider_bottom&quot;:&quot;curve&quot;,&quot;shape_divider_bottom_negative&quot;:&quot;yes&quot;}\">\n\t\t\t\t\t\t\t<div class=\"elementor-background-overlay\"><\/div>\n\t\t\t\t\t\t<div class=\"elementor-shape elementor-shape-bottom\" data-negative=\"true\">\n\t\t\t<svg xmlns=\"http:\/\/www.w3.org\/2000\/svg\" viewbox=\"0 0 1000 100\" preserveaspectratio=\"none\">\n\t<path class=\"elementor-shape-fill\" d=\"M500,97C126.7,96.3,0.8,19.8,0,0v100l1000,0V1C1000,19.4,873.3,97.8,500,97z\"\/>\n<\/svg>\t\t<\/div>\n\t\t\t\t\t<div class=\"elementor-container elementor-column-gap-default\">\n\t\t\t\t\t<div class=\"elementor-column elementor-col-100 elementor-top-column elementor-element elementor-element-7a474239\" data-id=\"7a474239\" data-element_type=\"column\">\n\t\t\t<div class=\"elementor-widget-wrap elementor-element-populated\">\n\t\t\t\t\t\t<section class=\"elementor-section elementor-inner-section elementor-element elementor-element-4a651ef4 elementor-section-boxed elementor-section-height-default elementor-section-height-default\" data-id=\"4a651ef4\" data-element_type=\"section\">\n\t\t\t\t\t\t<div class=\"elementor-container elementor-column-gap-default\">\n\t\t\t\t\t<div class=\"elementor-column elementor-col-100 elementor-inner-column elementor-element elementor-element-2a77a59a\" data-id=\"2a77a59a\" data-element_type=\"column\">\n\t\t\t<div class=\"elementor-widget-wrap elementor-element-populated\">\n\t\t\t\t\t\t<div class=\"elementor-element elementor-element-6f7fd97a elementor-widget elementor-widget-woocommerce-breadcrumb\" data-id=\"6f7fd97a\" data-element_type=\"widget\" data-widget_type=\"woocommerce-breadcrumb.default\">\n\t\t\t\t<div class=\"elementor-widget-container\">\n\t\t\t\t\t<nav class=\"woocommerce-breadcrumb\" data-no-translation=\"\" data-trp-gettext=\"\">Inicio<\/nav>\t\t\t\t<\/div>\n\t\t\t\t<\/div>\n\t\t\t\t\t<\/div>\n\t\t<\/div>\n\t\t\t\t\t<\/div>\n\t\t<\/section>\n\t\t\t\t<section class=\"elementor-section elementor-inner-section elementor-element elementor-element-2b025cba elementor-section-boxed elementor-section-height-default elementor-section-height-default\" data-id=\"2b025cba\" data-element_type=\"section\">\n\t\t\t\t\t\t<div class=\"elementor-container elementor-column-gap-default\">\n\t\t\t\t\t<div class=\"elementor-column elementor-col-100 elementor-inner-column elementor-element elementor-element-17a7d34d\" data-id=\"17a7d34d\" data-element_type=\"column\">\n\t\t\t<div class=\"elementor-widget-wrap elementor-element-populated\">\n\t\t\t\t\t\t<div class=\"elementor-element elementor-element-4bf00498 elementor-widget elementor-widget-heading\" data-id=\"4bf00498\" data-element_type=\"widget\" data-widget_type=\"heading.default\">\n\t\t\t\t<div class=\"elementor-widget-container\">\n\t\t\t\t\t<h2 class=\"elementor-heading-title elementor-size-default\">Muestras<\/h2>\t\t\t\t<\/div>\n\t\t\t\t<\/div>\n\t\t\t\t\t<\/div>\n\t\t<\/div>\n\t\t\t\t\t<\/div>\n\t\t<\/section>\n\t\t\t\t\t<\/div>\n\t\t<\/div>\n\t\t\t\t\t<\/div>\n\t\t<\/section>\n\t\t\t\t<section class=\"elementor-section elementor-top-section elementor-element elementor-element-5c459e02 elementor-section-full_width elementor-section-height-default elementor-section-height-default\" data-id=\"5c459e02\" data-element_type=\"section\" data-settings=\"{&quot;background_background&quot;:&quot;classic&quot;}\">\n\t\t\t\t\t\t<div class=\"elementor-container elementor-column-gap-default\">\n\t\t\t\t\t<div class=\"elementor-column elementor-col-100 elementor-top-column elementor-element elementor-element-3b210cec\" data-id=\"3b210cec\" data-element_type=\"column\">\n\t\t\t<div class=\"elementor-widget-wrap elementor-element-populated\">\n\t\t\t\t\t\t<div class=\"elementor-element elementor-element-a3764cf elementor-widget elementor-widget-menu-anchor\" data-id=\"a3764cf\" data-element_type=\"widget\" data-widget_type=\"menu-anchor.default\">\n\t\t\t\t<div class=\"elementor-widget-container\">\n\t\t\t\t\t\t\t<div class=\"elementor-menu-anchor\" id=\"requestsamplepack\"><\/div>\n\t\t\t\t\t\t<\/div>\n\t\t\t\t<\/div>\n\t\t\t\t<section class=\"elementor-section elementor-inner-section elementor-element elementor-element-2de9202f elementor-section-boxed elementor-section-height-default elementor-section-height-default\" data-id=\"2de9202f\" data-element_type=\"section\">\n\t\t\t\t\t\t<div class=\"elementor-container elementor-column-gap-default\">\n\t\t\t\t\t<div class=\"elementor-column elementor-col-50 elementor-inner-column elementor-element elementor-element-4e76a70d\" data-id=\"4e76a70d\" data-element_type=\"column\">\n\t\t\t<div class=\"elementor-widget-wrap elementor-element-populated\">\n\t\t\t\t\t\t<div class=\"elementor-element elementor-element-147622af elementor-widget elementor-widget-heading\" data-id=\"147622af\" data-element_type=\"widget\" data-widget_type=\"heading.default\">\n\t\t\t\t<div class=\"elementor-widget-container\">\n\t\t\t\t\t<h2 class=\"elementor-heading-title elementor-size-default\">Solicite sus muestras<\/h2>\t\t\t\t<\/div>\n\t\t\t\t<\/div>\n\t\t\t\t<div class=\"elementor-element elementor-element-7a03a09e elementor-widget elementor-widget-text-editor\" data-id=\"7a03a09e\" data-element_type=\"widget\" data-widget_type=\"text-editor.default\">\n\t\t\t\t<div class=\"elementor-widget-container\">\n\t\t\t\t\t\t\t\t\t<p>Nuestros paquetes de muestra est\u00e1n dise\u00f1ados para que disfrutes de una variedad de productos de CBD disponibles para la venta al por mayor o bajo servicios de marca blanca y marca blanca.<\/p>\t\t\t\t\t\t\t\t<\/div>\n\t\t\t\t<\/div>\n\t\t\t\t<div class=\"elementor-element elementor-element-f1a4844 elementor-widget elementor-widget-image\" data-id=\"f1a4844\" data-element_type=\"widget\" data-widget_type=\"image.default\">\n\t\t\t\t<div class=\"elementor-widget-container\">\n\t\t\t\t\t\t\t\t\t\t\t\t\t\t\t<img fetchpriority=\"high\" decoding=\"async\" width=\"768\" height=\"768\" src=\"https:\/\/cbdoileurope.com\/wp-content\/uploads\/2023\/03\/IMG_4559_sample_pack-v1-768x768.jpg\" class=\"attachment-medium_large size-medium_large wp-image-5630\" alt=\"\" srcset=\"https:\/\/cbdoileurope.com\/wp-content\/uploads\/2023\/03\/IMG_4559_sample_pack-v1-768x768.jpg 768w, https:\/\/cbdoileurope.com\/wp-content\/uploads\/2023\/03\/IMG_4559_sample_pack-v1-300x300.jpg 300w, https:\/\/cbdoileurope.com\/wp-content\/uploads\/2023\/03\/IMG_4559_sample_pack-v1-1024x1024.jpg 1024w, https:\/\/cbdoileurope.com\/wp-content\/uploads\/2023\/03\/IMG_4559_sample_pack-v1-150x150.jpg 150w, https:\/\/cbdoileurope.com\/wp-content\/uploads\/2023\/03\/IMG_4559_sample_pack-v1-700x700.jpg 700w, https:\/\/cbdoileurope.com\/wp-content\/uploads\/2023\/03\/IMG_4559_sample_pack-v1-600x600.jpg 600w, https:\/\/cbdoileurope.com\/wp-content\/uploads\/2023\/03\/IMG_4559_sample_pack-v1-100x100.jpg 100w, https:\/\/cbdoileurope.com\/wp-content\/uploads\/2023\/03\/IMG_4559_sample_pack-v1.jpg 1440w\" sizes=\"(max-width: 768px) 100vw, 768px\" \/>\t\t\t\t\t\t\t\t\t\t\t\t\t\t\t<\/div>\n\t\t\t\t<\/div>\n\t\t\t\t\t<\/div>\n\t\t<\/div>\n\t\t\t\t<div class=\"elementor-column elementor-col-50 elementor-inner-column elementor-element elementor-element-9749ad4\" data-id=\"9749ad4\" data-element_type=\"column\" data-settings=\"{&quot;background_background&quot;:&quot;classic&quot;}\">\n\t\t\t<div class=\"elementor-widget-wrap elementor-element-populated\">\n\t\t\t\t\t\t<div class=\"elementor-element elementor-element-29a8ef3 elementor-button-align-stretch elementor-widget elementor-widget-form\" data-id=\"29a8ef3\" data-element_type=\"widget\" data-settings=\"{&quot;step_next_label&quot;:&quot;Next&quot;,&quot;step_previous_label&quot;:&quot;Previous&quot;,&quot;button_width&quot;:&quot;100&quot;,&quot;step_type&quot;:&quot;number_text&quot;,&quot;step_icon_shape&quot;:&quot;circle&quot;}\" data-widget_type=\"form.default\">\n\t\t\t\t<div class=\"elementor-widget-container\">\n\t\t\t\t\t\t\t<form class=\"elementor-form\" method=\"post\" name=\"Price list\" action=\"\">\n\t\t\t<input type=\"hidden\" name=\"post_id\" value=\"5562\"\/>\n\t\t\t<input type=\"hidden\" name=\"form_id\" value=\"29a8ef3\"\/>\n\t\t\t<input type=\"hidden\" name=\"referer_title\" value=\"CBD Oil Europe\" \/>\n\n\t\t\t\n\t\t\t<div class=\"elementor-form-fields-wrapper elementor-labels-above\">\n\t\t\t\t\t\t\t\t<div class=\"elementor-field-type-email elementor-field-group elementor-column elementor-field-group-name elementor-col-100 elementor-field-required elementor-mark-required\">\n\t\t\t\t\t\t\t\t\t\t\t\t<label for=\"form-field-name\" class=\"elementor-field-label\">\n\t\t\t\t\t\t\t\t\u00bfCu\u00e1l es su correo electr\u00f3nico?\t\t\t\t\t\t\t<\/label>\n\t\t\t\t\t\t\t\t\t\t\t\t\t\t<input size=\"1\" type=\"email\" name=\"form_fields[name]\" id=\"form-field-name\" class=\"elementor-field elementor-size-sm  elementor-field-textual\" required=\"required\">\n\t\t\t\t\t\t\t\t\t\t\t<\/div>\n\t\t\t\t\t\t\t\t<div class=\"elementor-field-type-text elementor-field-group elementor-column elementor-field-group-email elementor-col-100\">\n\t\t\t\t\t\t\t\t\t\t\t\t<label for=\"form-field-email\" class=\"elementor-field-label\">\n\t\t\t\t\t\t\t\t\u00bfC\u00f3mo te llamas?\t\t\t\t\t\t\t<\/label>\n\t\t\t\t\t\t\t\t\t\t\t\t\t\t<input size=\"1\" type=\"text\" name=\"form_fields[email]\" id=\"form-field-email\" class=\"elementor-field elementor-size-sm  elementor-field-textual\">\n\t\t\t\t\t\t\t\t\t\t\t<\/div>\n\t\t\t\t\t\t\t\t<div class=\"elementor-field-type-text elementor-field-group elementor-column elementor-field-group-field_b5cb909 elementor-col-100\">\n\t\t\t\t\t\t\t\t\t\t\t\t<label for=\"form-field-field_b5cb909\" class=\"elementor-field-label\">\n\t\t\t\t\t\t\t\t\u00bfCu\u00e1l es el nombre de su empresa?\t\t\t\t\t\t\t<\/label>\n\t\t\t\t\t\t\t\t\t\t\t\t\t\t<input size=\"1\" type=\"text\" name=\"form_fields[field_b5cb909]\" id=\"form-field-field_b5cb909\" class=\"elementor-field elementor-size-sm  elementor-field-textual\">\n\t\t\t\t\t\t\t\t\t\t\t<\/div>\n\t\t\t\t\t\t\t\t<div class=\"elementor-field-type-tel elementor-field-group elementor-column elementor-field-group-field_c68bfbf elementor-col-100\">\n\t\t\t\t\t\t\t\t\t\t\t\t<label for=\"form-field-field_c68bfbf\" class=\"elementor-field-label\">\n\t\t\t\t\t\t\t\tNo dude en a\u00f1adir su n\u00famero de tel\u00e9fono.\t\t\t\t\t\t\t<\/label>\n\t\t\t\t\t\t\t\t<input size=\"1\" type=\"tel\" name=\"form_fields[field_c68bfbf]\" id=\"form-field-field_c68bfbf\" class=\"elementor-field elementor-size-sm  elementor-field-textual\" pattern=\"[0-9()#&amp;+*-=.]+\" title=\"Solo se aceptan n\u00fameros y caracteres de tel\u00e9fono (#,-,*,etc).\">\n\n\t\t\t\t\t\t<\/div>\n\t\t\t\t\t\t\t\t<div class=\"elementor-field-type-checkbox elementor-field-group elementor-column elementor-field-group-field_cdbe6fe elementor-col-100\">\n\t\t\t\t\t\t\t\t\t\t\t\t<label for=\"form-field-field_cdbe6fe\" class=\"elementor-field-label\">\n\t\t\t\t\t\t\t\t\u00bfQu\u00e9 muestras desea recibir?\t\t\t\t\t\t\t<\/label>\n\t\t\t\t\t\t<div class=\"elementor-field-subgroup\"><span class=\"elementor-field-option\"><input type=\"checkbox\" value=\"CBD Oils\" id=\"form-field-field_cdbe6fe-0\" name=\"form_fields[field_cdbe6fe][]\"> <label for=\"form-field-field_cdbe6fe-0\">Aceites de CBD<\/label><\/span><span class=\"elementor-field-option\"><input type=\"checkbox\" value=\"Gummies\" id=\"form-field-field_cdbe6fe-1\" name=\"form_fields[field_cdbe6fe][]\"> <label for=\"form-field-field_cdbe6fe-1\">Gominolas<\/label><\/span><span class=\"elementor-field-option\"><input type=\"checkbox\" value=\"Capsules\" id=\"form-field-field_cdbe6fe-2\" name=\"form_fields[field_cdbe6fe][]\"> <label for=\"form-field-field_cdbe6fe-2\">C\u00e1psulas<\/label><\/span><span class=\"elementor-field-option\"><input type=\"checkbox\" value=\"Cosmetics\" id=\"form-field-field_cdbe6fe-3\" name=\"form_fields[field_cdbe6fe][]\"> <label for=\"form-field-field_cdbe6fe-3\">Cosm\u00e9ticos<\/label><\/span><span class=\"elementor-field-option\"><input type=\"checkbox\" value=\"Pet Products\" id=\"form-field-field_cdbe6fe-4\" name=\"form_fields[field_cdbe6fe][]\"> <label for=\"form-field-field_cdbe6fe-4\">Productos para mascotas<\/label><\/span><span class=\"elementor-field-option\"><input type=\"checkbox\" value=\"Other,..\" id=\"form-field-field_cdbe6fe-5\" name=\"form_fields[field_cdbe6fe][]\"> <label for=\"form-field-field_cdbe6fe-5\">Otro,..<\/label><\/span><\/div>\t\t\t\t<\/div>\n\t\t\t\t\t\t\t\t<div class=\"elementor-field-type-textarea elementor-field-group elementor-column elementor-field-group-message elementor-col-100\">\n\t\t\t\t\t\t\t\t\t\t\t\t<label for=\"form-field-message\" class=\"elementor-field-label\">\n\t\t\t\t\t\t\t\t\u00bfAlgo m\u00e1s?\t\t\t\t\t\t\t<\/label>\n\t\t\t\t\t\t<textarea class=\"elementor-field-textual elementor-field  elementor-size-sm\" name=\"form_fields[message]\" id=\"form-field-message\" rows=\"4\" placeholder=\"Mensaje\"><\/textarea>\t\t\t\t<\/div>\n\t\t\t\t\t\t\t\t<div class=\"elementor-field-type-recaptcha_v3 elementor-field-group elementor-column elementor-field-group-field_eb8224e elementor-col-100 recaptcha_v3-bottomright\">\n\t\t\t\t\t<div class=\"elementor-field\" id=\"form-field-field_eb8224e\"><div class=\"elementor-g-recaptcha\" data-sitekey=\"6LfuhoApAAAAAEctzTbf4X2pn80f_K2TUseruV8o\" data-type=\"v3\" data-action=\"Form\" data-badge=\"bottomright\" data-size=\"invisible\"><\/div><\/div>\t\t\t\t<\/div>\n\t\t\t\t\t\t\t\t<div class=\"elementor-field-group elementor-column elementor-field-type-submit elementor-col-100 e-form__buttons\">\n\t\t\t\t\t<button class=\"elementor-button elementor-size-sm\" type=\"submit\">\n\t\t\t\t\t\t<span class=\"elementor-button-content-wrapper\">\n\t\t\t\t\t\t\t\t\t\t\t\t\t\t\t\t\t\t\t\t\t\t<span class=\"elementor-button-text\">Enviar<\/span>\n\t\t\t\t\t\t\t\t\t\t\t\t\t<\/span>\n\t\t\t\t\t<\/button>\n\t\t\t\t<\/div>\n\t\t\t<\/div>\n\t\t<input type=\"hidden\" name=\"trp-form-language\" value=\"es\"\/><\/form>\n\t\t\t\t\t\t<\/div>\n\t\t\t\t<\/div>\n\t\t\t\t\t<\/div>\n\t\t<\/div>\n\t\t\t\t\t<\/div>\n\t\t<\/section>\n\t\t\t\t\t<\/div>\n\t\t<\/div>\n\t\t\t\t\t<\/div>\n\t\t<\/section>\n\t\t\t\t<\/div>","protected":false},"excerpt":{"rendered":"<p>Muestras Solicite sus muestras Nuestros paquetes de muestras est\u00e1n dise\u00f1ados para que disfrute de una variedad de productos de CBD disponibles para la venta al por mayor o bajo los servicios de marca blanca y marca blanca.<\/p>","protected":false},"author":1,"featured_media":0,"parent":325,"menu_order":0,"comment_status":"closed","ping_status":"closed","template":"","meta":{"_acf_changed":false,"content-type":"","footnotes":""},"class_list":["post-5562","page","type-page","status-publish","hentry"],"acf":[],"yoast_head":"<!-- This site is optimized with the Yoast SEO Premium plugin v23.2 (Yoast SEO v23.2) - https:\/\/yoast.com\/wordpress\/plugins\/seo\/ -->\n<title>CBD Product Samples | Try Before You Buy | CBD Oil Europe<\/title>\n<meta name=\"description\" content=\"Experience our quality firsthand with CBD product samples. Test our range of CBD oils, gummies, and more before making a bulk purchase.\" \/>\n<meta name=\"robots\" content=\"index, follow, max-snippet:-1, max-image-preview:large, max-video-preview:-1\" \/>\n<link rel=\"canonical\" href=\"https:\/\/cbdoileurope.com\/es\/productos-cbd\/muestra\/\" \/>\n<meta property=\"og:locale\" content=\"es_ES\" \/>\n<meta property=\"og:type\" content=\"article\" \/>\n<meta property=\"og:title\" content=\"Sample\" \/>\n<meta property=\"og:description\" content=\"CBD Oil Europe specialises in white &amp; private label CBD. Wholesale CBD Oil, gummies, cosmetics, pet products, water soluble and distillate and isolate.\" \/>\n<meta property=\"og:url\" content=\"https:\/\/cbdoileurope.com\/es\/productos-cbd\/muestra\/\" \/>\n<meta property=\"og:site_name\" content=\"CBD Oil Europe\" \/>\n<meta property=\"article:modified_time\" content=\"2024-04-12T14:12:46+00:00\" \/>\n<meta property=\"og:image\" content=\"https:\/\/cbdoileurope.com\/wp-content\/uploads\/2023\/03\/IMG_4559_sample_pack-v1-768x768.jpg\" \/>\n<meta name=\"twitter:card\" content=\"summary_large_image\" \/>\n<script type=\"application\/ld+json\" class=\"yoast-schema-graph\">{\"@context\":\"https:\/\/schema.org\",\"@graph\":[{\"@type\":\"WebPage\",\"@id\":\"https:\/\/cbdoileurope.com\/products\/sample\/\",\"url\":\"https:\/\/cbdoileurope.com\/products\/sample\/\",\"name\":\"CBD Product Samples | Try Before You Buy | CBD Oil Europe\",\"isPartOf\":{\"@id\":\"https:\/\/cbdoileurope.com\/#website\"},\"primaryImageOfPage\":{\"@id\":\"https:\/\/cbdoileurope.com\/products\/sample\/#primaryimage\"},\"image\":{\"@id\":\"https:\/\/cbdoileurope.com\/products\/sample\/#primaryimage\"},\"thumbnailUrl\":\"https:\/\/cbdoileurope.com\/wp-content\/uploads\/2023\/03\/IMG_4559_sample_pack-v1-768x768.jpg\",\"datePublished\":\"2024-03-14T14:25:09+00:00\",\"dateModified\":\"2024-04-12T14:12:46+00:00\",\"description\":\"Experience our quality firsthand with CBD product samples. Test our range of CBD oils, gummies, and more before making a bulk purchase.\",\"breadcrumb\":{\"@id\":\"https:\/\/cbdoileurope.com\/products\/sample\/#breadcrumb\"},\"inLanguage\":\"es\",\"potentialAction\":[{\"@type\":\"ReadAction\",\"target\":[\"https:\/\/cbdoileurope.com\/products\/sample\/\"]}]},{\"@type\":\"ImageObject\",\"inLanguage\":\"es\",\"@id\":\"https:\/\/cbdoileurope.com\/products\/sample\/#primaryimage\",\"url\":\"https:\/\/cbdoileurope.com\/wp-content\/uploads\/2023\/03\/IMG_4559_sample_pack-v1-768x768.jpg\",\"contentUrl\":\"https:\/\/cbdoileurope.com\/wp-content\/uploads\/2023\/03\/IMG_4559_sample_pack-v1-768x768.jpg\"},{\"@type\":\"BreadcrumbList\",\"@id\":\"https:\/\/cbdoileurope.com\/products\/sample\/#breadcrumb\",\"itemListElement\":[{\"@type\":\"ListItem\",\"position\":1,\"name\":\"Home\",\"item\":\"https:\/\/cbdoileurope.com\/\"},{\"@type\":\"ListItem\",\"position\":2,\"name\":\"Products\",\"item\":\"https:\/\/cbdoileurope.com\/products\/\"},{\"@type\":\"ListItem\",\"position\":3,\"name\":\"Sample\"}]},{\"@type\":\"WebSite\",\"@id\":\"https:\/\/cbdoileurope.com\/#website\",\"url\":\"https:\/\/cbdoileurope.com\/\",\"name\":\"CBD Oil Europe\",\"description\":\"Simplifying CBD\",\"publisher\":{\"@id\":\"https:\/\/cbdoileurope.com\/#organization\"},\"potentialAction\":[{\"@type\":\"SearchAction\",\"target\":{\"@type\":\"EntryPoint\",\"urlTemplate\":\"https:\/\/cbdoileurope.com\/?s={search_term_string}\"},\"query-input\":\"required name=search_term_string\"}],\"inLanguage\":\"es\"},{\"@type\":\"Organization\",\"@id\":\"https:\/\/cbdoileurope.com\/#organization\",\"name\":\"CBD Oil Europe\",\"url\":\"https:\/\/cbdoileurope.com\/\",\"logo\":{\"@type\":\"ImageObject\",\"inLanguage\":\"es\",\"@id\":\"https:\/\/cbdoileurope.com\/#\/schema\/logo\/image\/\",\"url\":\"https:\/\/cbdoileurope.com\/wp-content\/uploads\/2022\/11\/CBDEU-Logo-RGB-Horizontal-1.svg\",\"contentUrl\":\"https:\/\/cbdoileurope.com\/wp-content\/uploads\/2022\/11\/CBDEU-Logo-RGB-Horizontal-1.svg\",\"width\":432,\"height\":169,\"caption\":\"CBD Oil Europe\"},\"image\":{\"@id\":\"https:\/\/cbdoileurope.com\/#\/schema\/logo\/image\/\"},\"sameAs\":[\"https:\/\/www.linkedin.com\/company\/78547167\/\"],\"description\":\"CBD Oil Europe specialises in white label, private label and wholesale CBD products & services. Our product offering includes oil blends, gummies, capsules, cosmetics, pet products, water solubles and CBD extracts such as distillate and isolate. All of our research & development, packaging, label design and fulfilment services are done in-house by the members of our passionate and competent team. Founder and director Adriaan de Kroo started at the bottom of the non-existing CBD industry in 2013, helping other startups with sales and consultancy around this relatively new compound. He represented several of the biggest CBD producers and traders at more than 35 trade shows, from Sevilla to Moscow.\",\"email\":\"info@cbdoileurope.com\",\"telephone\":\"+31640690002\",\"legalName\":\"CBD Oil Europe\",\"foundingDate\":\"2013-06-02\"}]}<\/script>\n<!-- \/ Yoast SEO Premium plugin. -->","yoast_head_json":{"title":"CBD Product Samples | Try Before You Buy | CBD Oil Europe","description":"Experience our quality firsthand with CBD product samples. Test our range of CBD oils, gummies, and more before making a bulk purchase.","robots":{"index":"index","follow":"follow","max-snippet":"max-snippet:-1","max-image-preview":"max-image-preview:large","max-video-preview":"max-video-preview:-1"},"canonical":"https:\/\/cbdoileurope.com\/es\/productos-cbd\/muestra\/","og_locale":"es_ES","og_type":"article","og_title":"Sample","og_description":"CBD Oil Europe specialises in white & private label CBD. Wholesale CBD Oil, gummies, cosmetics, pet products, water soluble and distillate and isolate.","og_url":"https:\/\/cbdoileurope.com\/es\/productos-cbd\/muestra\/","og_site_name":"CBD Oil Europe","article_modified_time":"2024-04-12T14:12:46+00:00","og_image":[{"url":"https:\/\/cbdoileurope.com\/wp-content\/uploads\/2023\/03\/IMG_4559_sample_pack-v1-768x768.jpg"}],"twitter_card":"summary_large_image","schema":{"@context":"https:\/\/schema.org","@graph":[{"@type":"WebPage","@id":"https:\/\/cbdoileurope.com\/products\/sample\/","url":"https:\/\/cbdoileurope.com\/products\/sample\/","name":"CBD Product Samples | Try Before You Buy | CBD Oil Europe","isPartOf":{"@id":"https:\/\/cbdoileurope.com\/#website"},"primaryImageOfPage":{"@id":"https:\/\/cbdoileurope.com\/products\/sample\/#primaryimage"},"image":{"@id":"https:\/\/cbdoileurope.com\/products\/sample\/#primaryimage"},"thumbnailUrl":"https:\/\/cbdoileurope.com\/wp-content\/uploads\/2023\/03\/IMG_4559_sample_pack-v1-768x768.jpg","datePublished":"2024-03-14T14:25:09+00:00","dateModified":"2024-04-12T14:12:46+00:00","description":"Experience our quality firsthand with CBD product samples. Test our range of CBD oils, gummies, and more before making a bulk purchase.","breadcrumb":{"@id":"https:\/\/cbdoileurope.com\/products\/sample\/#breadcrumb"},"inLanguage":"es","potentialAction":[{"@type":"ReadAction","target":["https:\/\/cbdoileurope.com\/products\/sample\/"]}]},{"@type":"ImageObject","inLanguage":"es","@id":"https:\/\/cbdoileurope.com\/products\/sample\/#primaryimage","url":"https:\/\/cbdoileurope.com\/wp-content\/uploads\/2023\/03\/IMG_4559_sample_pack-v1-768x768.jpg","contentUrl":"https:\/\/cbdoileurope.com\/wp-content\/uploads\/2023\/03\/IMG_4559_sample_pack-v1-768x768.jpg"},{"@type":"BreadcrumbList","@id":"https:\/\/cbdoileurope.com\/products\/sample\/#breadcrumb","itemListElement":[{"@type":"ListItem","position":1,"name":"Home","item":"https:\/\/cbdoileurope.com\/"},{"@type":"ListItem","position":2,"name":"Products","item":"https:\/\/cbdoileurope.com\/products\/"},{"@type":"ListItem","position":3,"name":"Sample"}]},{"@type":"WebSite","@id":"https:\/\/cbdoileurope.com\/#website","url":"https:\/\/cbdoileurope.com\/","name":"CBD Oil Europe","description":"Simplifying CBD","publisher":{"@id":"https:\/\/cbdoileurope.com\/#organization"},"potentialAction":[{"@type":"SearchAction","target":{"@type":"EntryPoint","urlTemplate":"https:\/\/cbdoileurope.com\/?s={search_term_string}"},"query-input":"required name=search_term_string"}],"inLanguage":"es"},{"@type":"Organization","@id":"https:\/\/cbdoileurope.com\/#organization","name":"CBD Oil Europe","url":"https:\/\/cbdoileurope.com\/","logo":{"@type":"ImageObject","inLanguage":"es","@id":"https:\/\/cbdoileurope.com\/#\/schema\/logo\/image\/","url":"https:\/\/cbdoileurope.com\/wp-content\/uploads\/2022\/11\/CBDEU-Logo-RGB-Horizontal-1.svg","contentUrl":"https:\/\/cbdoileurope.com\/wp-content\/uploads\/2022\/11\/CBDEU-Logo-RGB-Horizontal-1.svg","width":432,"height":169,"caption":"CBD Oil Europe"},"image":{"@id":"https:\/\/cbdoileurope.com\/#\/schema\/logo\/image\/"},"sameAs":["https:\/\/www.linkedin.com\/company\/78547167\/"],"description":"CBD Oil Europe specialises in white label, private label and wholesale CBD products & services. Our product offering includes oil blends, gummies, capsules, cosmetics, pet products, water solubles and CBD extracts such as distillate and isolate. All of our research & development, packaging, label design and fulfilment services are done in-house by the members of our passionate and competent team. Founder and director Adriaan de Kroo started at the bottom of the non-existing CBD industry in 2013, helping other startups with sales and consultancy around this relatively new compound. He represented several of the biggest CBD producers and traders at more than 35 trade shows, from Sevilla to Moscow.","email":"info@cbdoileurope.com","telephone":"+31640690002","legalName":"CBD Oil Europe","foundingDate":"2013-06-02"}]}},"_links":{"self":[{"href":"https:\/\/cbdoileurope.com\/es\/wp-json\/wp\/v2\/pages\/5562","targetHints":{"allow":["GET"]}}],"collection":[{"href":"https:\/\/cbdoileurope.com\/es\/wp-json\/wp\/v2\/pages"}],"about":[{"href":"https:\/\/cbdoileurope.com\/es\/wp-json\/wp\/v2\/types\/page"}],"author":[{"embeddable":true,"href":"https:\/\/cbdoileurope.com\/es\/wp-json\/wp\/v2\/users\/1"}],"replies":[{"embeddable":true,"href":"https:\/\/cbdoileurope.com\/es\/wp-json\/wp\/v2\/comments?post=5562"}],"version-history":[{"count":122,"href":"https:\/\/cbdoileurope.com\/es\/wp-json\/wp\/v2\/pages\/5562\/revisions"}],"predecessor-version":[{"id":18368,"href":"https:\/\/cbdoileurope.com\/es\/wp-json\/wp\/v2\/pages\/5562\/revisions\/18368"}],"up":[{"embeddable":true,"href":"https:\/\/cbdoileurope.com\/es\/wp-json\/wp\/v2\/pages\/325"}],"wp:attachment":[{"href":"https:\/\/cbdoileurope.com\/es\/wp-json\/wp\/v2\/media?parent=5562"}],"curies":[{"name":"wp","href":"https:\/\/api.w.org\/{rel}","templated":true}]}}