{"id":18507,"date":"2024-05-22T07:49:16","date_gmt":"2024-05-22T07:49:16","guid":{"rendered":"https:\/\/cbdoileurope.com\/?post_type=product&#038;p=18507"},"modified":"2024-11-25T11:41:10","modified_gmt":"2024-11-25T11:41:10","slug":"mile-high-crystal-resistant-distillate-crd","status":"publish","type":"product","link":"https:\/\/cbdoileurope.com\/de\/produkt\/meile-hoch-kristallbestandiges-destillat-crd\/","title":{"rendered":"Mile High Kristallbest\u00e4ndiges Destillat (CRD)"},"content":{"rendered":"<div class=\"page\" title=\"Seite 2\">\n<div class=\"layoutArea\">\n<div class=\"column\">\n<p>Crystal Resistant Distillate (CRD) stands<br \/>\nas the pinnacle of quality for those seeking a top-tier, crystal-resistant CBD distillate\u2014 especially tailored for vape products.<\/p>\n<p>45-60% CBD | \u2265 2.5% CBG | \u2264 0.2% THC<\/p>\n<\/div>\n<\/div>\n<\/div>","protected":false},"excerpt":{"rendered":"<p>Crystal Resistant Distillate (CRD) ist der Gipfel der Qualit\u00e4t f\u00fcr alle, die ein erstklassiges, kristallresistentes CBD-Destillat suchen, das speziell f\u00fcr Vape-Produkte entwickelt wurde. 45-60% CBD | \u2265 2,5% CBG | \u2264 0,2% THC<\/p>","protected":false},"featured_media":18509,"template":"","meta":{"_acf_changed":false,"content-type":""},"product_cat":[78],"product_tag":[],"class_list":["post-18507","product","type-product","status-publish","has-post-thumbnail","hentry","product_cat-mile-high-labs"],"supplier_id":null,"supplier_sku":"","barcode":null,"atum_controlled":true,"out_stock_date":"2024-11-25 11:41:10","out_stock_threshold":null,"inheritable":false,"inbound_stock":0,"stock_on_hold":1,"sold_today":0,"sales_last_days":0,"reserved_stock":0,"customer_returns":0,"warehouse_damage":0,"lost_in_post":0,"other_logs":0,"out_stock_days":534,"lost_sales":0,"has_location":false,"update_date":"2026-05-13T14:57:21","atum_locations":[],"atum_stock_status":"onbackorder","restock_status":false,"low_stock_amount":"","sales_update_date":"2026-05-13T14:57:21","calc_backorders":0,"acf":[],"yoast_head":"<!-- This site is optimized with the Yoast SEO Premium plugin v23.2 (Yoast SEO v23.2) - https:\/\/yoast.com\/wordpress\/plugins\/seo\/ -->\n<title>Mile High Crystal Resistant Distillate (CRD) - CBD Oil Europe<\/title>\n<meta name=\"robots\" content=\"index, follow, max-snippet:-1, max-image-preview:large, max-video-preview:-1\" \/>\n<link rel=\"canonical\" href=\"https:\/\/cbdoileurope.com\/de\/produkt\/meile-hoch-kristallbestandiges-destillat-crd\/\" \/>\n<meta property=\"og:locale\" content=\"de_DE\" \/>\n<meta property=\"og:type\" content=\"article\" \/>\n<meta property=\"og:title\" content=\"Mile High Crystal Resistant Distillate (CRD)\" \/>\n<meta property=\"og:description\" content=\"Crystal Resistant Distillate (CRD) stands as the pinnacle of quality for those seeking a top-tier, crystal-resistant CBD distillate\u2014 especially tailored for vape products. 45-60% CBD | \u2265 2.5% CBG | \u2264 0.2% THC\" \/>\n<meta property=\"og:url\" content=\"https:\/\/cbdoileurope.com\/de\/produkt\/meile-hoch-kristallbestandiges-destillat-crd\/\" \/>\n<meta property=\"og:site_name\" content=\"CBD Oil Europe\" \/>\n<meta property=\"article:modified_time\" content=\"2024-11-25T11:41:10+00:00\" \/>\n<meta property=\"og:image\" content=\"https:\/\/cbdoileurope.com\/wp-content\/uploads\/2024\/05\/CRD_500x500_50g_Container_11-22.webp\" \/>\n\t<meta property=\"og:image:width\" content=\"500\" \/>\n\t<meta property=\"og:image:height\" content=\"500\" \/>\n\t<meta property=\"og:image:type\" content=\"image\/webp\" \/>\n<meta name=\"twitter:card\" content=\"summary_large_image\" \/>\n<script type=\"application\/ld+json\" class=\"yoast-schema-graph\">{\"@context\":\"https:\/\/schema.org\",\"@graph\":[{\"@type\":\"WebPage\",\"@id\":\"https:\/\/cbdoileurope.com\/product\/mile-high-crystal-resistant-distillate-crd\/\",\"url\":\"https:\/\/cbdoileurope.com\/product\/mile-high-crystal-resistant-distillate-crd\/\",\"name\":\"Mile High Crystal Resistant Distillate (CRD) - CBD Oil Europe\",\"isPartOf\":{\"@id\":\"https:\/\/cbdoileurope.com\/#website\"},\"primaryImageOfPage\":{\"@id\":\"https:\/\/cbdoileurope.com\/product\/mile-high-crystal-resistant-distillate-crd\/#primaryimage\"},\"image\":{\"@id\":\"https:\/\/cbdoileurope.com\/product\/mile-high-crystal-resistant-distillate-crd\/#primaryimage\"},\"thumbnailUrl\":\"https:\/\/cbdoileurope.com\/wp-content\/uploads\/2024\/05\/CRD_500x500_50g_Container_11-22.webp\",\"datePublished\":\"2024-05-22T07:49:16+00:00\",\"dateModified\":\"2024-11-25T11:41:10+00:00\",\"breadcrumb\":{\"@id\":\"https:\/\/cbdoileurope.com\/product\/mile-high-crystal-resistant-distillate-crd\/#breadcrumb\"},\"inLanguage\":\"de\",\"potentialAction\":[{\"@type\":\"ReadAction\",\"target\":[\"https:\/\/cbdoileurope.com\/product\/mile-high-crystal-resistant-distillate-crd\/\"]}]},{\"@type\":\"ImageObject\",\"inLanguage\":\"de\",\"@id\":\"https:\/\/cbdoileurope.com\/product\/mile-high-crystal-resistant-distillate-crd\/#primaryimage\",\"url\":\"https:\/\/cbdoileurope.com\/wp-content\/uploads\/2024\/05\/CRD_500x500_50g_Container_11-22.webp\",\"contentUrl\":\"https:\/\/cbdoileurope.com\/wp-content\/uploads\/2024\/05\/CRD_500x500_50g_Container_11-22.webp\",\"width\":500,\"height\":500},{\"@type\":\"BreadcrumbList\",\"@id\":\"https:\/\/cbdoileurope.com\/product\/mile-high-crystal-resistant-distillate-crd\/#breadcrumb\",\"itemListElement\":[{\"@type\":\"ListItem\",\"position\":1,\"name\":\"Home\",\"item\":\"https:\/\/cbdoileurope.com\/\"},{\"@type\":\"ListItem\",\"position\":2,\"name\":\"Shop\",\"item\":\"https:\/\/cbdoileurope.com\/?page_id=5\"},{\"@type\":\"ListItem\",\"position\":3,\"name\":\"Mile High Crystal Resistant Distillate (CRD)\"}]},{\"@type\":\"WebSite\",\"@id\":\"https:\/\/cbdoileurope.com\/#website\",\"url\":\"https:\/\/cbdoileurope.com\/\",\"name\":\"CBD Oil Europe\",\"description\":\"Simplifying CBD\",\"publisher\":{\"@id\":\"https:\/\/cbdoileurope.com\/#organization\"},\"potentialAction\":[{\"@type\":\"SearchAction\",\"target\":{\"@type\":\"EntryPoint\",\"urlTemplate\":\"https:\/\/cbdoileurope.com\/?s={search_term_string}\"},\"query-input\":\"required name=search_term_string\"}],\"inLanguage\":\"de\"},{\"@type\":\"Organization\",\"@id\":\"https:\/\/cbdoileurope.com\/#organization\",\"name\":\"CBD Oil Europe\",\"url\":\"https:\/\/cbdoileurope.com\/\",\"logo\":{\"@type\":\"ImageObject\",\"inLanguage\":\"de\",\"@id\":\"https:\/\/cbdoileurope.com\/#\/schema\/logo\/image\/\",\"url\":\"https:\/\/cbdoileurope.com\/wp-content\/uploads\/2022\/11\/CBDEU-Logo-RGB-Horizontal-1.svg\",\"contentUrl\":\"https:\/\/cbdoileurope.com\/wp-content\/uploads\/2022\/11\/CBDEU-Logo-RGB-Horizontal-1.svg\",\"width\":432,\"height\":169,\"caption\":\"CBD Oil Europe\"},\"image\":{\"@id\":\"https:\/\/cbdoileurope.com\/#\/schema\/logo\/image\/\"},\"sameAs\":[\"https:\/\/www.linkedin.com\/company\/78547167\/\"],\"description\":\"CBD Oil Europe specialises in white label, private label and wholesale CBD products & services. Our product offering includes oil blends, gummies, capsules, cosmetics, pet products, water solubles and CBD extracts such as distillate and isolate. All of our research & development, packaging, label design and fulfilment services are done in-house by the members of our passionate and competent team. Founder and director Adriaan de Kroo started at the bottom of the non-existing CBD industry in 2013, helping other startups with sales and consultancy around this relatively new compound. He represented several of the biggest CBD producers and traders at more than 35 trade shows, from Sevilla to Moscow.\",\"email\":\"info@cbdoileurope.com\",\"telephone\":\"+31640690002\",\"legalName\":\"CBD Oil Europe\",\"foundingDate\":\"2013-06-02\"}]}<\/script>\n<!-- \/ Yoast SEO Premium plugin. -->","yoast_head_json":{"title":"Mile High Crystal Resistant Distillate (CRD) - CBD Oil Europe","robots":{"index":"index","follow":"follow","max-snippet":"max-snippet:-1","max-image-preview":"max-image-preview:large","max-video-preview":"max-video-preview:-1"},"canonical":"https:\/\/cbdoileurope.com\/de\/produkt\/meile-hoch-kristallbestandiges-destillat-crd\/","og_locale":"de_DE","og_type":"article","og_title":"Mile High Crystal Resistant Distillate (CRD)","og_description":"Crystal Resistant Distillate (CRD) stands as the pinnacle of quality for those seeking a top-tier, crystal-resistant CBD distillate\u2014 especially tailored for vape products. 45-60% CBD | \u2265 2.5% CBG | \u2264 0.2% THC","og_url":"https:\/\/cbdoileurope.com\/de\/produkt\/meile-hoch-kristallbestandiges-destillat-crd\/","og_site_name":"CBD Oil Europe","article_modified_time":"2024-11-25T11:41:10+00:00","og_image":[{"width":500,"height":500,"url":"https:\/\/cbdoileurope.com\/wp-content\/uploads\/2024\/05\/CRD_500x500_50g_Container_11-22.webp","type":"image\/webp"}],"twitter_card":"summary_large_image","schema":{"@context":"https:\/\/schema.org","@graph":[{"@type":"WebPage","@id":"https:\/\/cbdoileurope.com\/product\/mile-high-crystal-resistant-distillate-crd\/","url":"https:\/\/cbdoileurope.com\/product\/mile-high-crystal-resistant-distillate-crd\/","name":"Mile High Crystal Resistant Distillate (CRD) - CBD Oil Europe","isPartOf":{"@id":"https:\/\/cbdoileurope.com\/#website"},"primaryImageOfPage":{"@id":"https:\/\/cbdoileurope.com\/product\/mile-high-crystal-resistant-distillate-crd\/#primaryimage"},"image":{"@id":"https:\/\/cbdoileurope.com\/product\/mile-high-crystal-resistant-distillate-crd\/#primaryimage"},"thumbnailUrl":"https:\/\/cbdoileurope.com\/wp-content\/uploads\/2024\/05\/CRD_500x500_50g_Container_11-22.webp","datePublished":"2024-05-22T07:49:16+00:00","dateModified":"2024-11-25T11:41:10+00:00","breadcrumb":{"@id":"https:\/\/cbdoileurope.com\/product\/mile-high-crystal-resistant-distillate-crd\/#breadcrumb"},"inLanguage":"de","potentialAction":[{"@type":"ReadAction","target":["https:\/\/cbdoileurope.com\/product\/mile-high-crystal-resistant-distillate-crd\/"]}]},{"@type":"ImageObject","inLanguage":"de","@id":"https:\/\/cbdoileurope.com\/product\/mile-high-crystal-resistant-distillate-crd\/#primaryimage","url":"https:\/\/cbdoileurope.com\/wp-content\/uploads\/2024\/05\/CRD_500x500_50g_Container_11-22.webp","contentUrl":"https:\/\/cbdoileurope.com\/wp-content\/uploads\/2024\/05\/CRD_500x500_50g_Container_11-22.webp","width":500,"height":500},{"@type":"BreadcrumbList","@id":"https:\/\/cbdoileurope.com\/product\/mile-high-crystal-resistant-distillate-crd\/#breadcrumb","itemListElement":[{"@type":"ListItem","position":1,"name":"Home","item":"https:\/\/cbdoileurope.com\/"},{"@type":"ListItem","position":2,"name":"Shop","item":"https:\/\/cbdoileurope.com\/?page_id=5"},{"@type":"ListItem","position":3,"name":"Mile High Crystal Resistant Distillate (CRD)"}]},{"@type":"WebSite","@id":"https:\/\/cbdoileurope.com\/#website","url":"https:\/\/cbdoileurope.com\/","name":"CBD Oil Europe","description":"Simplifying CBD","publisher":{"@id":"https:\/\/cbdoileurope.com\/#organization"},"potentialAction":[{"@type":"SearchAction","target":{"@type":"EntryPoint","urlTemplate":"https:\/\/cbdoileurope.com\/?s={search_term_string}"},"query-input":"required name=search_term_string"}],"inLanguage":"de"},{"@type":"Organization","@id":"https:\/\/cbdoileurope.com\/#organization","name":"CBD Oil Europe","url":"https:\/\/cbdoileurope.com\/","logo":{"@type":"ImageObject","inLanguage":"de","@id":"https:\/\/cbdoileurope.com\/#\/schema\/logo\/image\/","url":"https:\/\/cbdoileurope.com\/wp-content\/uploads\/2022\/11\/CBDEU-Logo-RGB-Horizontal-1.svg","contentUrl":"https:\/\/cbdoileurope.com\/wp-content\/uploads\/2022\/11\/CBDEU-Logo-RGB-Horizontal-1.svg","width":432,"height":169,"caption":"CBD Oil Europe"},"image":{"@id":"https:\/\/cbdoileurope.com\/#\/schema\/logo\/image\/"},"sameAs":["https:\/\/www.linkedin.com\/company\/78547167\/"],"description":"CBD Oil Europe specialises in white label, private label and wholesale CBD products & services. Our product offering includes oil blends, gummies, capsules, cosmetics, pet products, water solubles and CBD extracts such as distillate and isolate. All of our research & development, packaging, label design and fulfilment services are done in-house by the members of our passionate and competent team. Founder and director Adriaan de Kroo started at the bottom of the non-existing CBD industry in 2013, helping other startups with sales and consultancy around this relatively new compound. He represented several of the biggest CBD producers and traders at more than 35 trade shows, from Sevilla to Moscow.","email":"info@cbdoileurope.com","telephone":"+31640690002","legalName":"CBD Oil Europe","foundingDate":"2013-06-02"}]}},"batches":[{"id":"5","date_created":"2024-05-27 14:42:44","date_expiry":"2025-03-01 00:00:00","user_id":"1","batch_number":"L2302B004","location":"","quantity":"10.0000","quantity_available":"10.0000","units":"1","status":"active","order_ids":null,"supplier":"","po":null},{"id":"7","date_created":"2024-06-20 22:48:08","date_expiry":"2025-03-01 00:00:00","user_id":"1","batch_number":"L2303B007","location":"","quantity":"9.0000","quantity_available":"9.0000","units":"1","status":"active","order_ids":null,"supplier":"","po":null}],"tiered_pricing_type":"fixed","tiered_pricing_fixed_rules":{"5":"1000","10":"900","20":"850","25":"550","30":"500"},"tiered_pricing_percentage_rules":[],"tiered_pricing_minimum":1,"tiered_pricing_roles_data":[],"_links":{"self":[{"href":"https:\/\/cbdoileurope.com\/de\/wp-json\/wp\/v2\/product\/18507","targetHints":{"allow":["GET"]}}],"collection":[{"href":"https:\/\/cbdoileurope.com\/de\/wp-json\/wp\/v2\/product"}],"about":[{"href":"https:\/\/cbdoileurope.com\/de\/wp-json\/wp\/v2\/types\/product"}],"wp:featuredmedia":[{"embeddable":true,"href":"https:\/\/cbdoileurope.com\/de\/wp-json\/wp\/v2\/media\/18509"}],"wp:attachment":[{"href":"https:\/\/cbdoileurope.com\/de\/wp-json\/wp\/v2\/media?parent=18507"}],"wp:term":[{"taxonomy":"product_cat","embeddable":true,"href":"https:\/\/cbdoileurope.com\/de\/wp-json\/wp\/v2\/product_cat?post=18507"},{"taxonomy":"product_tag","embeddable":true,"href":"https:\/\/cbdoileurope.com\/de\/wp-json\/wp\/v2\/product_tag?post=18507"}],"curies":[{"name":"wp","href":"https:\/\/api.w.org\/{rel}","templated":true}]}}