{"id":17907,"date":"2024-03-14T14:25:18","date_gmt":"2024-03-14T14:25:18","guid":{"rendered":"https:\/\/cbdoileurope.com\/?page_id=17907"},"modified":"2024-03-14T14:25:18","modified_gmt":"2024-03-14T14:25:18","slug":"cookies","status":"publish","type":"page","link":"https:\/\/cbdoileurope.com\/de\/cookies\/","title":{"rendered":"Cookies"},"content":{"rendered":"<div data-elementor-type=\"wp-page\" data-elementor-id=\"17907\" class=\"elementor elementor-17907\" data-elementor-post-type=\"page\">\n\t\t\t\t\t\t<section class=\"elementor-section elementor-top-section elementor-element elementor-element-5d1a1aca elementor-section-full_width elementor-section-height-default elementor-section-height-default\" data-id=\"5d1a1aca\" data-element_type=\"section\">\n\t\t\t\t\t\t<div class=\"elementor-container elementor-column-gap-default\">\n\t\t\t\t\t<div class=\"elementor-column elementor-col-100 elementor-top-column elementor-element elementor-element-64106129\" data-id=\"64106129\" data-element_type=\"column\">\n\t\t\t<div class=\"elementor-widget-wrap elementor-element-populated\">\n\t\t\t\t\t\t<section class=\"elementor-section elementor-inner-section elementor-element elementor-element-2eaa7a9e elementor-section-boxed elementor-section-height-default elementor-section-height-default\" data-id=\"2eaa7a9e\" data-element_type=\"section\">\n\t\t\t\t\t\t<div class=\"elementor-container elementor-column-gap-default\">\n\t\t\t\t\t<div class=\"elementor-column elementor-col-100 elementor-inner-column elementor-element elementor-element-4a72884b\" data-id=\"4a72884b\" data-element_type=\"column\">\n\t\t\t<div class=\"elementor-widget-wrap elementor-element-populated\">\n\t\t\t\t\t\t<div class=\"elementor-element elementor-element-5d1b0f54 elementor-widget elementor-widget-woocommerce-breadcrumb\" data-id=\"5d1b0f54\" data-element_type=\"widget\" data-widget_type=\"woocommerce-breadcrumb.default\">\n\t\t\t\t<div class=\"elementor-widget-container\">\n\t\t\t\t\t<nav class=\"woocommerce-breadcrumb\" data-no-translation=\"\" data-trp-gettext=\"\">Startseite<\/nav>\t\t\t\t<\/div>\n\t\t\t\t<\/div>\n\t\t\t\t\t<\/div>\n\t\t<\/div>\n\t\t\t\t\t<\/div>\n\t\t<\/section>\n\t\t\t\t\t<\/div>\n\t\t<\/div>\n\t\t\t\t\t<\/div>\n\t\t<\/section>\n\t\t\t\t<section class=\"elementor-section elementor-top-section elementor-element elementor-element-40011346 elementor-section-full_width elementor-section-height-default elementor-section-height-default\" data-id=\"40011346\" data-element_type=\"section\">\n\t\t\t\t\t\t<div class=\"elementor-container elementor-column-gap-default\">\n\t\t\t\t\t<div class=\"elementor-column elementor-col-100 elementor-top-column elementor-element elementor-element-2900d9d9\" data-id=\"2900d9d9\" data-element_type=\"column\">\n\t\t\t<div class=\"elementor-widget-wrap elementor-element-populated\">\n\t\t\t\t\t\t<section class=\"elementor-section elementor-inner-section elementor-element elementor-element-6af9114e elementor-section-boxed elementor-section-height-default elementor-section-height-default\" data-id=\"6af9114e\" data-element_type=\"section\">\n\t\t\t\t\t\t<div class=\"elementor-container elementor-column-gap-default\">\n\t\t\t\t\t<div class=\"elementor-column elementor-col-100 elementor-inner-column elementor-element elementor-element-574119b3\" data-id=\"574119b3\" data-element_type=\"column\">\n\t\t\t<div class=\"elementor-widget-wrap elementor-element-populated\">\n\t\t\t\t\t\t<div class=\"elementor-element elementor-element-057b72a elementor-widget elementor-widget-text-editor\" data-id=\"057b72a\" data-element_type=\"widget\" data-widget_type=\"text-editor.default\">\n\t\t\t\t<div class=\"elementor-widget-container\">\n\t\t\t\t\t\t\t\t\t<h3>Cookies<\/h3><p>Bitte lesen Sie diese Cookie-Richtlinie sorgf\u00e4ltig durch, bevor Sie unsere Website nutzen.<\/p><p><strong>Was sind Cookies?<\/strong><br \/><br \/>Cookies sind einfache Textdateien, die vom Server einer Website auf Ihrem Computer oder Mobilger\u00e4t gespeichert werden. Jedes Cookie ist einzigartig f\u00fcr Ihren Webbrowser. Er enth\u00e4lt einige anonyme Informationen wie eine eindeutige Kennung, den Dom\u00e4nennamen der Website und einige Ziffern und Zahlen.<br \/><br \/><strong>Welche Arten von Cookies verwenden wir?<\/strong><br \/><br \/><strong>Erforderliche Cookies<\/strong><br \/>Notwendige Cookies erm\u00f6glichen es uns, Ihnen die bestm\u00f6gliche Erfahrung beim Zugriff auf unsere Website, beim Navigieren durch sie und bei der Nutzung ihrer Funktionen zu bieten. Mit diesen Cookies k\u00f6nnen wir zum Beispiel erkennen, dass Sie ein Konto erstellt haben und sich bei diesem Konto angemeldet haben.<br \/><br \/><strong>Funktionalit\u00e4t der Cookies<\/strong><br \/>Funktions-Cookies erm\u00f6glichen es uns, die Website in \u00dcbereinstimmung mit den von Ihnen getroffenen Auswahlen zu betreiben. So erkennen wir zum Beispiel Ihren Benutzernamen und merken uns, wie Sie die Website bei zuk\u00fcnftigen Besuchen angepasst haben.<br \/><br \/><strong>Analytische Cookies<br \/><\/strong>Diese Cookies erm\u00f6glichen es uns und Drittanbietern, zu statistischen Zwecken zusammengefasste Daten dar\u00fcber zu sammeln, wie unsere Besucher die Website nutzen. Diese Cookies enthalten keine pers\u00f6nlichen Informationen wie Namen und E-Mail-Adressen und werden verwendet, um die Nutzung der Website zu verbessern.<br \/><br \/><strong>Wie kann ich Cookies l\u00f6schen? <\/strong><\/p><p>Wenn Sie die Cookies, die von unserer Website gesetzt werden, einschr\u00e4nken oder blockieren m\u00f6chten, k\u00f6nnen Sie dies \u00fcber die Einstellungen Ihres Browsers tun. Alternativ k\u00f6nnen Sie auch www.internetcookies.com besuchen, wo Sie umfassende Informationen dar\u00fcber finden, wie Sie dies f\u00fcr eine Vielzahl von Browsern und Ger\u00e4ten tun k\u00f6nnen. Dort finden Sie auch allgemeine Informationen \u00fcber Cookies und Angaben dazu, wie Sie Cookies von Ihrem Ger\u00e4t l\u00f6schen k\u00f6nnen.<br \/><br \/><strong>Kontaktaufnahme mit uns<br \/><\/strong>Wenn Sie Fragen zu dieser Richtlinie oder unserer Verwendung von Cookies haben, wenden Sie sich bitte an uns.<\/p>\t\t\t\t\t\t\t\t<\/div>\n\t\t\t\t<\/div>\n\t\t\t\t\t<\/div>\n\t\t<\/div>\n\t\t\t\t\t<\/div>\n\t\t<\/section>\n\t\t\t\t\t<\/div>\n\t\t<\/div>\n\t\t\t\t\t<\/div>\n\t\t<\/section>\n\t\t\t\t<\/div>","protected":false},"excerpt":{"rendered":"<p>Cookies Please read this cookie policy carefully before using our website. What are cookies? Cookies are simple text files that are stored on your computer or mobile device by a website\u2019s server. Each cookie is unique to your web browser. It will contain some anonymous information such as a unique identifier, website\u2019s domain name, and [&hellip;]<\/p>","protected":false},"author":1,"featured_media":0,"parent":0,"menu_order":0,"comment_status":"closed","ping_status":"closed","template":"","meta":{"_acf_changed":false,"content-type":"","footnotes":""},"class_list":["post-17907","page","type-page","status-publish","hentry"],"acf":[],"yoast_head":"<!-- This site is optimized with the Yoast SEO Premium plugin v23.2 (Yoast SEO v23.2) - https:\/\/yoast.com\/wordpress\/plugins\/seo\/ -->\n<title>Cookies - CBD Oil Europe<\/title>\n<meta name=\"description\" content=\"CBD Oil Europe specialises in white &amp; private label CBD. Wholesale CBD Oil, gummies, cosmetics, pet products, water soluble and distillate and isolate.\" \/>\n<meta name=\"robots\" content=\"index, follow, max-snippet:-1, max-image-preview:large, max-video-preview:-1\" \/>\n<link rel=\"canonical\" href=\"https:\/\/cbdoileurope.com\/de\/cookies\/\" \/>\n<meta property=\"og:locale\" content=\"de_DE\" \/>\n<meta property=\"og:type\" content=\"article\" \/>\n<meta property=\"og:title\" content=\"Cookies\" \/>\n<meta property=\"og:description\" content=\"CBD Oil Europe specialises in white &amp; private label CBD. Wholesale CBD Oil, gummies, cosmetics, pet products, water soluble and distillate and isolate.\" \/>\n<meta property=\"og:url\" content=\"https:\/\/cbdoileurope.com\/de\/cookies\/\" \/>\n<meta property=\"og:site_name\" content=\"CBD Oil Europe\" \/>\n<meta property=\"og:image\" content=\"https:\/\/cbdoileurope.com\/wp-content\/uploads\/2022\/11\/CBDEU-Images-Home-01-1.webp\" \/>\n\t<meta property=\"og:image:width\" content=\"2560\" \/>\n\t<meta property=\"og:image:height\" content=\"1440\" \/>\n\t<meta property=\"og:image:type\" content=\"image\/webp\" \/>\n<meta name=\"twitter:card\" content=\"summary_large_image\" \/>\n<meta name=\"twitter:label1\" content=\"Gesch\u00e4tzte Lesezeit\" \/>\n\t<meta name=\"twitter:data1\" content=\"1\u00a0Minute\" \/>\n<script type=\"application\/ld+json\" class=\"yoast-schema-graph\">{\"@context\":\"https:\/\/schema.org\",\"@graph\":[{\"@type\":\"WebPage\",\"@id\":\"https:\/\/cbdoileurope.com\/cookies\/\",\"url\":\"https:\/\/cbdoileurope.com\/cookies\/\",\"name\":\"Cookies - CBD Oil Europe\",\"isPartOf\":{\"@id\":\"https:\/\/cbdoileurope.com\/#website\"},\"datePublished\":\"2024-03-14T14:25:18+00:00\",\"dateModified\":\"2024-03-14T14:25:18+00:00\",\"description\":\"CBD Oil Europe specialises in white & private label CBD. Wholesale CBD Oil, gummies, cosmetics, pet products, water soluble and distillate and isolate.\",\"breadcrumb\":{\"@id\":\"https:\/\/cbdoileurope.com\/cookies\/#breadcrumb\"},\"inLanguage\":\"de\",\"potentialAction\":[{\"@type\":\"ReadAction\",\"target\":[\"https:\/\/cbdoileurope.com\/cookies\/\"]}]},{\"@type\":\"BreadcrumbList\",\"@id\":\"https:\/\/cbdoileurope.com\/cookies\/#breadcrumb\",\"itemListElement\":[{\"@type\":\"ListItem\",\"position\":1,\"name\":\"Home\",\"item\":\"https:\/\/cbdoileurope.com\/\"},{\"@type\":\"ListItem\",\"position\":2,\"name\":\"Cookies\"}]},{\"@type\":\"WebSite\",\"@id\":\"https:\/\/cbdoileurope.com\/#website\",\"url\":\"https:\/\/cbdoileurope.com\/\",\"name\":\"CBD Oil Europe\",\"description\":\"Simplifying CBD\",\"publisher\":{\"@id\":\"https:\/\/cbdoileurope.com\/#organization\"},\"potentialAction\":[{\"@type\":\"SearchAction\",\"target\":{\"@type\":\"EntryPoint\",\"urlTemplate\":\"https:\/\/cbdoileurope.com\/?s={search_term_string}\"},\"query-input\":\"required name=search_term_string\"}],\"inLanguage\":\"de\"},{\"@type\":\"Organization\",\"@id\":\"https:\/\/cbdoileurope.com\/#organization\",\"name\":\"CBD Oil Europe\",\"url\":\"https:\/\/cbdoileurope.com\/\",\"logo\":{\"@type\":\"ImageObject\",\"inLanguage\":\"de\",\"@id\":\"https:\/\/cbdoileurope.com\/#\/schema\/logo\/image\/\",\"url\":\"https:\/\/cbdoileurope.com\/wp-content\/uploads\/2022\/11\/CBDEU-Logo-RGB-Horizontal-1.svg\",\"contentUrl\":\"https:\/\/cbdoileurope.com\/wp-content\/uploads\/2022\/11\/CBDEU-Logo-RGB-Horizontal-1.svg\",\"width\":432,\"height\":169,\"caption\":\"CBD Oil Europe\"},\"image\":{\"@id\":\"https:\/\/cbdoileurope.com\/#\/schema\/logo\/image\/\"},\"sameAs\":[\"https:\/\/www.linkedin.com\/company\/78547167\/\"],\"description\":\"CBD Oil Europe specialises in white label, private label and wholesale CBD products & services. Our product offering includes oil blends, gummies, capsules, cosmetics, pet products, water solubles and CBD extracts such as distillate and isolate. All of our research & development, packaging, label design and fulfilment services are done in-house by the members of our passionate and competent team. Founder and director Adriaan de Kroo started at the bottom of the non-existing CBD industry in 2013, helping other startups with sales and consultancy around this relatively new compound. He represented several of the biggest CBD producers and traders at more than 35 trade shows, from Sevilla to Moscow.\",\"email\":\"info@cbdoileurope.com\",\"telephone\":\"+31640690002\",\"legalName\":\"CBD Oil Europe\",\"foundingDate\":\"2013-06-02\"}]}<\/script>\n<!-- \/ Yoast SEO Premium plugin. -->","yoast_head_json":{"title":"Cookies - CBD Oil Europe","description":"CBD Oil Europe specialises in white & private label CBD. Wholesale CBD Oil, gummies, cosmetics, pet products, water soluble and distillate and isolate.","robots":{"index":"index","follow":"follow","max-snippet":"max-snippet:-1","max-image-preview":"max-image-preview:large","max-video-preview":"max-video-preview:-1"},"canonical":"https:\/\/cbdoileurope.com\/de\/cookies\/","og_locale":"de_DE","og_type":"article","og_title":"Cookies","og_description":"CBD Oil Europe specialises in white & private label CBD. Wholesale CBD Oil, gummies, cosmetics, pet products, water soluble and distillate and isolate.","og_url":"https:\/\/cbdoileurope.com\/de\/cookies\/","og_site_name":"CBD Oil Europe","og_image":[{"width":2560,"height":1440,"url":"https:\/\/cbdoileurope.com\/wp-content\/uploads\/2022\/11\/CBDEU-Images-Home-01-1.webp","type":"image\/webp"}],"twitter_card":"summary_large_image","twitter_misc":{"Gesch\u00e4tzte Lesezeit":"1\u00a0Minute"},"schema":{"@context":"https:\/\/schema.org","@graph":[{"@type":"WebPage","@id":"https:\/\/cbdoileurope.com\/cookies\/","url":"https:\/\/cbdoileurope.com\/cookies\/","name":"Cookies - CBD Oil Europe","isPartOf":{"@id":"https:\/\/cbdoileurope.com\/#website"},"datePublished":"2024-03-14T14:25:18+00:00","dateModified":"2024-03-14T14:25:18+00:00","description":"CBD Oil Europe specialises in white & private label CBD. Wholesale CBD Oil, gummies, cosmetics, pet products, water soluble and distillate and isolate.","breadcrumb":{"@id":"https:\/\/cbdoileurope.com\/cookies\/#breadcrumb"},"inLanguage":"de","potentialAction":[{"@type":"ReadAction","target":["https:\/\/cbdoileurope.com\/cookies\/"]}]},{"@type":"BreadcrumbList","@id":"https:\/\/cbdoileurope.com\/cookies\/#breadcrumb","itemListElement":[{"@type":"ListItem","position":1,"name":"Home","item":"https:\/\/cbdoileurope.com\/"},{"@type":"ListItem","position":2,"name":"Cookies"}]},{"@type":"WebSite","@id":"https:\/\/cbdoileurope.com\/#website","url":"https:\/\/cbdoileurope.com\/","name":"CBD Oil Europe","description":"Simplifying CBD","publisher":{"@id":"https:\/\/cbdoileurope.com\/#organization"},"potentialAction":[{"@type":"SearchAction","target":{"@type":"EntryPoint","urlTemplate":"https:\/\/cbdoileurope.com\/?s={search_term_string}"},"query-input":"required name=search_term_string"}],"inLanguage":"de"},{"@type":"Organization","@id":"https:\/\/cbdoileurope.com\/#organization","name":"CBD Oil Europe","url":"https:\/\/cbdoileurope.com\/","logo":{"@type":"ImageObject","inLanguage":"de","@id":"https:\/\/cbdoileurope.com\/#\/schema\/logo\/image\/","url":"https:\/\/cbdoileurope.com\/wp-content\/uploads\/2022\/11\/CBDEU-Logo-RGB-Horizontal-1.svg","contentUrl":"https:\/\/cbdoileurope.com\/wp-content\/uploads\/2022\/11\/CBDEU-Logo-RGB-Horizontal-1.svg","width":432,"height":169,"caption":"CBD Oil Europe"},"image":{"@id":"https:\/\/cbdoileurope.com\/#\/schema\/logo\/image\/"},"sameAs":["https:\/\/www.linkedin.com\/company\/78547167\/"],"description":"CBD Oil Europe specialises in white label, private label and wholesale CBD products & services. Our product offering includes oil blends, gummies, capsules, cosmetics, pet products, water solubles and CBD extracts such as distillate and isolate. All of our research & development, packaging, label design and fulfilment services are done in-house by the members of our passionate and competent team. Founder and director Adriaan de Kroo started at the bottom of the non-existing CBD industry in 2013, helping other startups with sales and consultancy around this relatively new compound. He represented several of the biggest CBD producers and traders at more than 35 trade shows, from Sevilla to Moscow.","email":"info@cbdoileurope.com","telephone":"+31640690002","legalName":"CBD Oil Europe","foundingDate":"2013-06-02"}]}},"_links":{"self":[{"href":"https:\/\/cbdoileurope.com\/de\/wp-json\/wp\/v2\/pages\/17907","targetHints":{"allow":["GET"]}}],"collection":[{"href":"https:\/\/cbdoileurope.com\/de\/wp-json\/wp\/v2\/pages"}],"about":[{"href":"https:\/\/cbdoileurope.com\/de\/wp-json\/wp\/v2\/types\/page"}],"author":[{"embeddable":true,"href":"https:\/\/cbdoileurope.com\/de\/wp-json\/wp\/v2\/users\/1"}],"replies":[{"embeddable":true,"href":"https:\/\/cbdoileurope.com\/de\/wp-json\/wp\/v2\/comments?post=17907"}],"version-history":[{"count":5,"href":"https:\/\/cbdoileurope.com\/de\/wp-json\/wp\/v2\/pages\/17907\/revisions"}],"predecessor-version":[{"id":17912,"href":"https:\/\/cbdoileurope.com\/de\/wp-json\/wp\/v2\/pages\/17907\/revisions\/17912"}],"wp:attachment":[{"href":"https:\/\/cbdoileurope.com\/de\/wp-json\/wp\/v2\/media?parent=17907"}],"curies":[{"name":"wp","href":"https:\/\/api.w.org\/{rel}","templated":true}]}}